{"id":4673,"date":"2021-08-27T14:16:57","date_gmt":"2021-08-27T12:16:57","guid":{"rendered":"https:\/\/www.cmc-group.info\/kunye\/"},"modified":"2025-08-15T12:12:59","modified_gmt":"2025-08-15T10:12:59","slug":"kunye","status":"publish","type":"page","link":"https:\/\/www.cmc-group.info\/tr\/kunye\/","title":{"rendered":"K\u00fcnye"},"content":{"rendered":"<div id='av_section_1'  class='avia-section av-tjjy8-7830ada632d6dc31025c6d5acde20ce5 main_color avia-section-default avia-no-border-styling  avia-builder-el-0  avia-builder-el-no-sibling  section-padding-top-big link-highlight avia-bg-style-scroll container_wrap fullsize'  ><div class='container av-section-cont-open' ><main  role=\"main\" itemprop=\"mainContentOfPage\"  class='template-page content  av-content-full alpha units'><div class='post-entry post-entry-type-page post-entry-4673'><div class='entry-content-wrapper clearfix'>\n\n<style type=\"text\/css\" data-created_by=\"avia_inline_auto\" id=\"style-css-av-ihzg8-8cef9e47d097acbcea8fc01e42810a01\">\n.flex_column.av-ihzg8-8cef9e47d097acbcea8fc01e42810a01{\nborder-radius:0px 0px 0px 0px;\npadding:0px 0px 0px 0px;\n}\n<\/style>\n<div  class='flex_column av-ihzg8-8cef9e47d097acbcea8fc01e42810a01 av_one_full  avia-builder-el-1  el_before_av_one_half  avia-builder-el-first  first flex_column_div av-zero-column-padding  '     ><div class=\"pxl-headline pxl-hl hl-wrap | hl-sub--off hl--align-left   baloo\">\n    <div class=\"hl-inner\">\n            <h1 class=\"hl-main hl-line |  hl_main--default blue \">K\u00fcnye<\/h1>\n            \n    <\/div>\n<\/div><\/div>\n<style type=\"text\/css\" data-created_by=\"avia_inline_auto\" id=\"style-css-av-g4dns-fdd3ba08881d997ab749f888cad538f6\">\n.flex_column.av-g4dns-fdd3ba08881d997ab749f888cad538f6{\nborder-radius:0px 0px 0px 0px;\npadding:0px 0px 0px 0px;\n}\n<\/style>\n<div  class='flex_column av-g4dns-fdd3ba08881d997ab749f888cad538f6 av_one_half  avia-builder-el-3  el_after_av_one_full  el_before_av_one_half  first flex_column_div av-zero-column-padding  column-top-margin'     ><section  class='av_textblock_section av-l02dixn0-dec6d4e8c1e79c4810d17bb7802ddbbb '   itemscope=\"itemscope\" itemtype=\"https:\/\/schema.org\/CreativeWork\" ><div class='avia_textblock'  itemprop=\"text\" ><p>CMC Consumer Medical Care GmbH<br \/>\nEichendorffstrasse 12-14<br \/>\n89567 Sontheim \/ Brenz<br \/>\nAlmanya<\/p>\n<p><strong>Genel M\u00fcd\u00fcr:<br \/>\n<\/strong>Holger Battling<\/p>\n<p><strong>\u0130leti\u015fim:<br \/>\n<\/strong>Telefon: <a href=\"tel:+49732592440\">+49 (73 25) 92 44-0<\/a><br \/>\nE-posta: <a href=\"mailto:info@cmc-group.de\">info@cmc-group.de<\/a><\/p>\n<p><strong>I\u00e7erikten sorumludur:<br \/>\n<\/strong>CMC Consumer Medical Care GmbH<br \/>\nRebecca Rill<br \/>\nEichendorffstrasse 12-14<br \/>\n89567 Sontheim\/Brenz<\/p>\n<p><strong>Kay\u0131t giri\u015fi<br \/>\n<\/strong>Kay\u0131t Mahkemesi: Ulm Yerel Mahkemesi<br \/>\nKay\u0131t numaras\u0131: HRB 726009<\/p>\n<p><strong>Katma de\u011fer vergisi<br \/>\n<\/strong>Katma De\u011fer Vergisi:<br \/>\nDE 814 31 3953<\/p>\n<p><strong>Evsel ambalaj sekt\u00f6r\u00fc i\u00e7in EPR kay\u0131t numaras\u0131 (CITEO) CMC Fransa:<\/strong><br \/>\nFR208510_01CMON<\/p>\n<p><strong>Konsept, tasar\u0131m ve web programlama<\/strong><br \/>\nPixelProduction &#8211; Wuppertal&#8217;de Pazarlama ve Dijital Ajans<br \/>\n<a href=\"http:\/\/www.pixelproduction.de\/\" target=\"_blank\" rel=\"noopener\">www.pixelproduction.de<\/a><\/p>\n<\/div><\/section><\/div>\n<style type=\"text\/css\" data-created_by=\"avia_inline_auto\" id=\"style-css-av-8pds0-e1e97d72d541d8a9f07b93a135754295\">\n.flex_column.av-8pds0-e1e97d72d541d8a9f07b93a135754295{\nborder-radius:0px 0px 0px 0px;\npadding:0px 0px 0px 0px;\n}\n<\/style>\n<div  class='flex_column av-8pds0-e1e97d72d541d8a9f07b93a135754295 av_one_half  avia-builder-el-5  el_after_av_one_half  avia-builder-el-last  flex_column_div av-zero-column-padding  column-top-margin'     ><section  class='av_textblock_section av-l02dj5og-45ecd38db7c6c9e02770c3d7355bd684 '   itemscope=\"itemscope\" itemtype=\"https:\/\/schema.org\/CreativeWork\" ><div class='avia_textblock'  itemprop=\"text\" ><h3>Uyu\u015fmazl\u0131k \u00e7\u00f6z\u00fcm\u00fc<\/h3>\n<p>Bir t\u00fcketici hakem heyeti nezdindeki uyu\u015fmazl\u0131k \u00e7\u00f6z\u00fcm i\u015flemlerine kat\u0131lmaya istekli veya y\u00fck\u00fcml\u00fc de\u011filiz.<\/p>\n<h3>\u0130\u00e7indekiler i\u00e7in sorumluluk<\/h3>\n<p>Bir hizmet sa\u011flay\u0131c\u0131 olarak, Madde 7 paragraf\u0131 uyar\u0131nca y\u00fck\u00fcml\u00fcy\u00fcz. 1 DDG, genel yasalara uygun olarak bu sayfalardaki kendi i\u00e7eri\u011finden sorumludur. Bununla birlikte, DDG \u00a7\u00a7 8 ila 10 uyar\u0131nca, bir hizmet sa\u011flay\u0131c\u0131 olarak iletilen veya saklanan \u00fc\u00e7\u00fcnc\u00fc taraf bilgilerini izlemek veya yasa d\u0131\u015f\u0131 faaliyetlere i\u015faret eden durumlar\u0131 ara\u015ft\u0131rmak zorunda de\u011filiz.<\/p>\n<p>Genel yasalara uygun olarak bilgilerin kald\u0131r\u0131lmas\u0131 veya kullan\u0131m\u0131n\u0131n engellenmesi y\u00fck\u00fcml\u00fcl\u00fckleri bundan etkilenmez. Ancak, bu konudaki sorumluluk sadece somut bir ihlalin \u00f6\u011frenildi\u011fi andan itibaren m\u00fcmk\u00fcnd\u00fcr. Bu t\u00fcr ihlallerden haberdar olursak, bu i\u00e7eri\u011fi derhal kald\u0131raca\u011f\u0131z.<\/p>\n<h3>Ba\u011flant\u0131lar i\u00e7in sorumluluk<\/h3>\n<p>Teklifimiz, i\u00e7erikleri \u00fczerinde hi\u00e7bir etkimiz olmayan \u00fc\u00e7\u00fcnc\u00fc taraflar\u0131n harici web sitelerine ba\u011flant\u0131lar i\u00e7erir. Bu nedenle, bu harici i\u00e7erikler i\u00e7in herhangi bir sorumluluk kabul edemeyiz. Ba\u011flant\u0131l\u0131 sayfalar\u0131n i\u00e7eri\u011finden her zaman sayfalar\u0131n ilgili sa\u011flay\u0131c\u0131s\u0131 veya operat\u00f6r\u00fc sorumludur. Ba\u011flant\u0131 verilen sayfalar, ba\u011flant\u0131 verildi\u011fi s\u0131rada olas\u0131 yasal ihlallere kar\u015f\u0131 kontrol edilmi\u015ftir. Yasa d\u0131\u015f\u0131 i\u00e7erikler ba\u011flant\u0131 s\u0131ras\u0131nda fark edilememi\u015ftir.<\/p>\n<p>Bununla birlikte, ba\u011flant\u0131l\u0131 sayfalar\u0131n i\u00e7eri\u011finin kal\u0131c\u0131 olarak kontrol edilmesi, yasalar\u0131n ihlal edildi\u011fine dair somut g\u00f6stergeler olmadan makul de\u011fildir. Herhangi bir yasa ihlalinden haberdar olursak, bu t\u00fcr ba\u011flant\u0131lar\u0131 derhal kald\u0131raca\u011f\u0131z.<\/p>\n<h3>Telif Hakk\u0131<\/h3>\n<p>Bu sayfalarda site operat\u00f6rleri taraf\u0131ndan olu\u015fturulan i\u00e7erikler ve eserler Alman telif hakk\u0131 yasas\u0131na tabidir. \u00c7o\u011faltma, d\u00fczenleme, da\u011f\u0131t\u0131m ve telif hakk\u0131 yasas\u0131n\u0131n s\u0131n\u0131rlar\u0131 d\u0131\u015f\u0131ndaki her t\u00fcrl\u00fc kullan\u0131m, ilgili yazar\u0131n veya yarat\u0131c\u0131n\u0131n yaz\u0131l\u0131 onay\u0131n\u0131 gerektirir. Bu sayfan\u0131n indirilmesine ve kopyalanmas\u0131na yaln\u0131zca \u00f6zel, ticari olmayan kullan\u0131m i\u00e7in izin verilir.<\/p>\n<p>Bu sayfadaki i\u00e7erik operat\u00f6r taraf\u0131ndan olu\u015fturulmad\u0131\u011f\u0131 s\u00fcrece, \u00fc\u00e7\u00fcnc\u00fc taraflar\u0131n telif haklar\u0131na sayg\u0131 duyulur. \u00d6zellikle, \u00fc\u00e7\u00fcnc\u00fc taraf i\u00e7eri\u011fi bu \u015fekilde tan\u0131mlan\u0131r. Yine de bir telif hakk\u0131 ihlalinden haberdar olursan\u0131z, l\u00fctfen bizi uygun \u015fekilde bilgilendirin. Herhangi bir ihlalden haberdar olursak, s\u00f6z konusu i\u00e7eri\u011fi derhal kald\u0131raca\u011f\u0131z.<\/p>\n<p>T\u00fcm yay\u0131nlarda kullan\u0131lan metin veya grafiklerin telif haklar\u0131n\u0131 g\u00f6zetmeye, kendi olu\u015fturdu\u011fumuz metin veya grafikleri kullanmaya veya lisanss\u0131z materyal kullanmaya \u00f6zen g\u00f6steriyoruz. Web sitemizde di\u011ferlerinin yan\u0131 s\u0131ra <a href=\"http:\/\/www.gettyimages.de\" target=\"_blank\" rel=\"noopener\">www.gettyimages.de<\/a>, <a href=\"http:\/\/www.stock.adobe.com\/de\" target=\"_blank\" rel=\"noopener\">www.stock.adobe.com\/de<\/a> ve <a href=\"http:\/\/www.shutterstock.com\/de\" target=\"_blank\" rel=\"noopener\">www.shutterstock.com\/de<\/a> g\u00f6r\u00fcnt\u00fc veritabanlar\u0131ndaki foto\u011fraflar\u0131 kullan\u0131yoruz.<\/p>\n<\/div><\/section><\/div>\n","protected":false},"excerpt":{"rendered":"","protected":false},"author":1,"featured_media":0,"parent":0,"menu_order":14,"comment_status":"closed","ping_status":"closed","template":"","meta":{"_acf_changed":false,"inline_featured_image":false,"footnotes":""},"class_list":["post-4673","page","type-page","status-publish","hentry"],"acf":[],"yoast_head":"<!-- This site is optimized with the Yoast SEO plugin v27.5 - https:\/\/yoast.com\/product\/yoast-seo-wordpress\/ -->\n<title>K\u00fcnye | T\u00fcketici T\u0131bbi Bak\u0131m\u0131<\/title>\n<meta name=\"description\" content=\"CMC ve yasal bilgilerimiz hakk\u0131nda daha fazla bilgiyi yasal bildirimimizde bulabilirsiniz.\" \/>\n<meta name=\"robots\" content=\"index, follow, max-snippet:-1, max-image-preview:large, max-video-preview:-1\" \/>\n<link rel=\"canonical\" href=\"https:\/\/www.cmc-group.info\/tr\/kunye\/\" \/>\n<meta property=\"og:locale\" content=\"tr_TR\" \/>\n<meta property=\"og:type\" content=\"article\" \/>\n<meta property=\"og:title\" content=\"K\u00fcnye | T\u00fcketici T\u0131bbi Bak\u0131m\u0131\" \/>\n<meta property=\"og:description\" content=\"CMC ve yasal bilgilerimiz hakk\u0131nda daha fazla bilgiyi yasal bildirimimizde bulabilirsiniz.\" \/>\n<meta property=\"og:url\" content=\"https:\/\/www.cmc-group.info\/tr\/kunye\/\" \/>\n<meta property=\"og:site_name\" content=\"CMC Consumer Medical Care\" \/>\n<meta property=\"article:modified_time\" content=\"2025-08-15T10:12:59+00:00\" \/>\n<meta name=\"twitter:card\" content=\"summary_large_image\" \/>\n<meta name=\"twitter:label1\" content=\"Tahmini okuma s\u00fcresi\" \/>\n\t<meta name=\"twitter:data1\" content=\"4 dakika\" \/>\n<script type=\"application\/ld+json\" class=\"yoast-schema-graph\">{\"@context\":\"https:\\\/\\\/schema.org\",\"@graph\":[{\"@type\":\"WebPage\",\"@id\":\"https:\\\/\\\/www.cmc-group.info\\\/tr\\\/kunye\\\/\",\"url\":\"https:\\\/\\\/www.cmc-group.info\\\/tr\\\/kunye\\\/\",\"name\":\"K\u00fcnye | T\u00fcketici T\u0131bbi Bak\u0131m\u0131\",\"isPartOf\":{\"@id\":\"https:\\\/\\\/www.cmc-group.info\\\/#website\"},\"datePublished\":\"2021-08-27T12:16:57+00:00\",\"dateModified\":\"2025-08-15T10:12:59+00:00\",\"description\":\"CMC ve yasal bilgilerimiz hakk\u0131nda daha fazla bilgiyi yasal bildirimimizde bulabilirsiniz.\",\"breadcrumb\":{\"@id\":\"https:\\\/\\\/www.cmc-group.info\\\/tr\\\/kunye\\\/#breadcrumb\"},\"inLanguage\":\"tr\",\"potentialAction\":[{\"@type\":\"ReadAction\",\"target\":[\"https:\\\/\\\/www.cmc-group.info\\\/tr\\\/kunye\\\/\"]}]},{\"@type\":\"BreadcrumbList\",\"@id\":\"https:\\\/\\\/www.cmc-group.info\\\/tr\\\/kunye\\\/#breadcrumb\",\"itemListElement\":[{\"@type\":\"ListItem\",\"position\":1,\"name\":\"Startseite\",\"item\":\"https:\\\/\\\/www.cmc-group.info\\\/tr\\\/ana-sayfa\\\/\"},{\"@type\":\"ListItem\",\"position\":2,\"name\":\"K\u00fcnye\"}]},{\"@type\":\"WebSite\",\"@id\":\"https:\\\/\\\/www.cmc-group.info\\\/#website\",\"url\":\"https:\\\/\\\/www.cmc-group.info\\\/\",\"name\":\"CMC Consumer Medical Care\",\"description\":\"\",\"potentialAction\":[{\"@type\":\"SearchAction\",\"target\":{\"@type\":\"EntryPoint\",\"urlTemplate\":\"https:\\\/\\\/www.cmc-group.info\\\/?s={search_term_string}\"},\"query-input\":{\"@type\":\"PropertyValueSpecification\",\"valueRequired\":true,\"valueName\":\"search_term_string\"}}],\"inLanguage\":\"tr\"}]}<\/script>\n<!-- \/ Yoast SEO plugin. -->","yoast_head_json":{"title":"K\u00fcnye | T\u00fcketici T\u0131bbi Bak\u0131m\u0131","description":"CMC ve yasal bilgilerimiz hakk\u0131nda daha fazla bilgiyi yasal bildirimimizde bulabilirsiniz.","robots":{"index":"index","follow":"follow","max-snippet":"max-snippet:-1","max-image-preview":"max-image-preview:large","max-video-preview":"max-video-preview:-1"},"canonical":"https:\/\/www.cmc-group.info\/tr\/kunye\/","og_locale":"tr_TR","og_type":"article","og_title":"K\u00fcnye | T\u00fcketici T\u0131bbi Bak\u0131m\u0131","og_description":"CMC ve yasal bilgilerimiz hakk\u0131nda daha fazla bilgiyi yasal bildirimimizde bulabilirsiniz.","og_url":"https:\/\/www.cmc-group.info\/tr\/kunye\/","og_site_name":"CMC Consumer Medical Care","article_modified_time":"2025-08-15T10:12:59+00:00","twitter_card":"summary_large_image","twitter_misc":{"Tahmini okuma s\u00fcresi":"4 dakika"},"schema":{"@context":"https:\/\/schema.org","@graph":[{"@type":"WebPage","@id":"https:\/\/www.cmc-group.info\/tr\/kunye\/","url":"https:\/\/www.cmc-group.info\/tr\/kunye\/","name":"K\u00fcnye | T\u00fcketici T\u0131bbi Bak\u0131m\u0131","isPartOf":{"@id":"https:\/\/www.cmc-group.info\/#website"},"datePublished":"2021-08-27T12:16:57+00:00","dateModified":"2025-08-15T10:12:59+00:00","description":"CMC ve yasal bilgilerimiz hakk\u0131nda daha fazla bilgiyi yasal bildirimimizde bulabilirsiniz.","breadcrumb":{"@id":"https:\/\/www.cmc-group.info\/tr\/kunye\/#breadcrumb"},"inLanguage":"tr","potentialAction":[{"@type":"ReadAction","target":["https:\/\/www.cmc-group.info\/tr\/kunye\/"]}]},{"@type":"BreadcrumbList","@id":"https:\/\/www.cmc-group.info\/tr\/kunye\/#breadcrumb","itemListElement":[{"@type":"ListItem","position":1,"name":"Startseite","item":"https:\/\/www.cmc-group.info\/tr\/ana-sayfa\/"},{"@type":"ListItem","position":2,"name":"K\u00fcnye"}]},{"@type":"WebSite","@id":"https:\/\/www.cmc-group.info\/#website","url":"https:\/\/www.cmc-group.info\/","name":"CMC Consumer Medical Care","description":"","potentialAction":[{"@type":"SearchAction","target":{"@type":"EntryPoint","urlTemplate":"https:\/\/www.cmc-group.info\/?s={search_term_string}"},"query-input":{"@type":"PropertyValueSpecification","valueRequired":true,"valueName":"search_term_string"}}],"inLanguage":"tr"}]}},"_links":{"self":[{"href":"https:\/\/www.cmc-group.info\/tr\/wp-json\/wp\/v2\/pages\/4673","targetHints":{"allow":["GET"]}}],"collection":[{"href":"https:\/\/www.cmc-group.info\/tr\/wp-json\/wp\/v2\/pages"}],"about":[{"href":"https:\/\/www.cmc-group.info\/tr\/wp-json\/wp\/v2\/types\/page"}],"author":[{"embeddable":true,"href":"https:\/\/www.cmc-group.info\/tr\/wp-json\/wp\/v2\/users\/1"}],"replies":[{"embeddable":true,"href":"https:\/\/www.cmc-group.info\/tr\/wp-json\/wp\/v2\/comments?post=4673"}],"version-history":[{"count":11,"href":"https:\/\/www.cmc-group.info\/tr\/wp-json\/wp\/v2\/pages\/4673\/revisions"}],"predecessor-version":[{"id":7401,"href":"https:\/\/www.cmc-group.info\/tr\/wp-json\/wp\/v2\/pages\/4673\/revisions\/7401"}],"wp:attachment":[{"href":"https:\/\/www.cmc-group.info\/tr\/wp-json\/wp\/v2\/media?parent=4673"}],"curies":[{"name":"wp","href":"https:\/\/api.w.org\/{rel}","templated":true}]}}