{"id":8022,"date":"2025-11-11T12:27:47","date_gmt":"2025-11-11T11:27:47","guid":{"rendered":"https:\/\/www.cmc-group.info\/?page_id=8022"},"modified":"2026-04-15T17:34:39","modified_gmt":"2026-04-15T15:34:39","slug":"cosmoplast","status":"publish","type":"page","link":"https:\/\/www.cmc-group.info\/fr\/cosmoplast\/","title":{"rendered":"Cosmoplast"},"content":{"rendered":"<div class=\"pixelheader-section\">\n\t<div class=\"container\">\n\t\t<div class=\"content\">\n\t\t\t<div class=\"pixelheader layout-std slick\">\n\t\t\t\t\n\t\t\t\t\t\t\t\t\t\t\n\t\t\t\t\t<div class=\"headerslide \">\n\t\t\t\t\t\t<div class=\"headerslide-leftcol\">\n\t\t\t\t\t\t\t<div class=\"headerslide-leftcol-content\">\n\t\t\t\t\t\t\t\n\t\t\t\t\t\t\t\t\n\t\t\t\t\t\t\t\t\t\t\t\t\t\t\t\t\n\t\t\t\t\t\t\t\t<h1 class=\"headerslide-title\"><span class=\"product-landingpage\">Cosmoplast<\/span><\/h3>\n\t\t\t\t\t\t\t\t<h3 class=\"headerslide-subtitle\">Des soins complets. <span class=\"desc-header\">Gr\u00e2ce \u00e0 nos solutions vari\u00e9es, vous \u00eates prot\u00e9g\u00e9s \u00e0 chaque instant, quelles que soient les situations.<\/p>\n<p>Concentrez-vous sur ce qui est important pour vous - nous sommes l\u00e0 pour les petites blessures du quotidien.<\/span><\/h3>\n\t\t\t\t\t\t\t\t\t\t\t\t\t\t\t\t<div class=\"avia-button-wrap avia-button-left\">\n\t\t\t\t\t\t\t\t\t<a class=\"avia-button  avia-button-color-blue  avia-icon_select-no avia-size-small avia-position-left\" href=\"#unser-sortiment\" target=\"\"><span class=\"avia_iconbox_title\">D\u00e9couvrez notre gamme de produits<\/span><\/a>\n\t\t\t\t\t\t\t\t<\/div>\n\t\t\t\t\t\t\t\t\t\t\t\t\t\t\t<\/div>\n\t\t\t\t\t\t<\/div>\n\t\t\t\t\t\t<div class=\"headerslide-rightcol\">\n\t\t\t\t\t\t\t\t\t\t\t\t\t\t\t<div class=\"headerslide-header-img\">\n\t\t\t\t\t\t\t\t\t<img decoding=\"async\" src=\"https:\/\/www.cmc-group.info\/wp-content\/uploads\/blattsymbol-header.png\" alt=\"slide-header-img\" \/>\n\t\t\t\t\t\t\t\t<\/div>\n\t\t\t\t\t\t\t\t\t\t\t\t\t\t\t\t\t\t\t\t\t\t\t\t\t\t\t\t\t<div class=\"headerslide-product-img\">\n\t\t\t\t\t\t\t\t\t<img decoding=\"async\" src=\"https:\/\/www.cmc-group.info\/wp-content\/uploads\/header-products-cosmoplast-1500x924.png\" alt=\"slide-product-img\" \/>\n\t\t\t\t\t\t\t\t<\/div>\n\t\t\t\t\t\t\t\t\t\t\t\t\t\t\t\t\t\t\t\t<\/div>\n\t\t\t\t\t<\/div>\n\t\t\t\t\t\t\t<\/div>\n\t\t<\/div>\n\t<\/div>\n<\/div>\n\n\n<style type=\"text\/css\" data-created_by=\"avia_inline_auto\" id=\"style-css-av-2c9o2-71d0ea3739a1a61d7bbb29c40d7563dd\">\n.avia-section.av-2c9o2-71d0ea3739a1a61d7bbb29c40d7563dd{\nmargin-top:120px;\nmargin-bottom:32px;\n}\n<\/style>\n<div id='av_section_1'  class='avia-section av-2c9o2-71d0ea3739a1a61d7bbb29c40d7563dd main_color avia-section-no-padding avia-no-border-styling  avia-builder-el-1  el_after_pixelheader  el_before_av_section  avia-bg-style-scroll container_wrap fullsize'  ><div class='container av-section-cont-open' ><div class='template-page content  av-content-full alpha units'><div class='post-entry post-entry-type-page post-entry-8022'><div class='entry-content-wrapper clearfix'>\n\n<style type=\"text\/css\" data-created_by=\"avia_inline_auto\" id=\"style-css-av-1b2mi-fa4bfe25b36ebc65beeb0620e77d43fc\">\n#top .flex_column.av-1b2mi-fa4bfe25b36ebc65beeb0620e77d43fc{\nmargin-top:0px;\nmargin-bottom:0px;\n}\n.flex_column.av-1b2mi-fa4bfe25b36ebc65beeb0620e77d43fc{\nborder-radius:0px 0px 0px 0px;\npadding:0px 0px 0px 0px;\n}\n.responsive #top #wrap_all .flex_column.av-1b2mi-fa4bfe25b36ebc65beeb0620e77d43fc{\nmargin-top:0px;\nmargin-bottom:0px;\n}\n<\/style>\n<div  class='flex_column av-1b2mi-fa4bfe25b36ebc65beeb0620e77d43fc av_one_full  avia-builder-el-2  avia-builder-el-no-sibling  first flex_column_div av-zero-column-padding  '     ><div class=\"pxl-headline pxl-hl hl-wrap | hl-sub--top hl--align-center hl--no-margin  baloo\">\n    <div class=\"hl-inner\">\n            <h2 class=\"hl-main hl-line | h2-big hl_main--default blue \">Vous pouvez compter sur nous<\/h2>\n            \n    <\/div>\n<\/div><\/div>\n\n<\/div><\/div><\/div><!-- close content main div --><\/div><\/div><div id='av_section_2'  class='avia-section av-7mqay-7b505c314127f859ae8282a4125a6323 main_color avia-section-default avia-no-border-styling  avia-builder-el-4  el_after_av_section  el_before_av_section  brand-values-wrap lp-product avia-bg-style-scroll container_wrap fullsize'  ><div class='container av-section-cont-open' ><div class='template-page content  av-content-full alpha units'><div class='post-entry post-entry-type-page post-entry-8022'><div class='entry-content-wrapper clearfix'>\n\n<style type=\"text\/css\" data-created_by=\"avia_inline_auto\" id=\"style-css-av-2wju6-085ccb93a6e00199f9f2ac6d3c9f1235\">\n.flex_column.av-2wju6-085ccb93a6e00199f9f2ac6d3c9f1235{\npadding:0px 0px 0px 0px;\n}\n<\/style>\n<div  class='flex_column av-2wju6-085ccb93a6e00199f9f2ac6d3c9f1235 av_one_third  avia-builder-el-5  el_before_av_one_third  avia-builder-el-first  brand-value-box first flex_column_div av-zero-column-padding  '     ><p>\n<style type=\"text\/css\" data-created_by=\"avia_inline_auto\" id=\"style-css-av-2chb2-7689ef395d302f2ea12f592b41fe1ca7\">\n.avia-image-container.av-2chb2-7689ef395d302f2ea12f592b41fe1ca7 img.avia_image{\nbox-shadow:none;\n}\n.avia-image-container.av-2chb2-7689ef395d302f2ea12f592b41fe1ca7 .av-image-caption-overlay-center{\ncolor:#ffffff;\n}\n<\/style>\n<div  class='avia-image-container av-2chb2-7689ef395d302f2ea12f592b41fe1ca7 av-styling- avia-align-center  avia-builder-el-6  el_before_pixel_sc_headline  avia-builder-el-first '   itemprop=\"image\" itemscope=\"itemscope\" itemtype=\"https:\/\/schema.org\/ImageObject\" ><div class=\"avia-image-container-inner\"><div class=\"avia-image-overlay-wrap\"><img decoding=\"async\" fetchpriority=\"high\" class='wp-image-7622 avia-img-lazy-loading-not-7622 avia_image ' src=\"https:\/\/www.cmc-group.info\/wp-content\/uploads\/icon-lifestyle-blue.svg\" alt='' title='icon-lifestyle-blue'  height=\"1\" width=\"1\"  itemprop=\"thumbnailUrl\"  \/><\/div><\/div><\/div><br \/>\n<div class=\"pxl-headline pxl-hl hl-wrap | hl-sub--off hl--align-center   baloo\">\n    <div class=\"hl-inner\">\n            <h3 class=\"hl-main hl-line |  hl_main--default blue \">Style de vie<\/h3>\n            \n    <\/div>\n<\/div>\n<br \/>\n<section  class='av_textblock_section av-15k62-4967a6d7d01f95d9065dcda2cfb47a33 '   itemscope=\"itemscope\" itemtype=\"https:\/\/schema.org\/CreativeWork\" ><div class='avia_textblock'  itemprop=\"text\" ><p style=\"text-align: center;\">Des soins optimaux &#8211; des petites coupures aux blessures du quotidien, nous avons le produit qu&rsquo;il vous faut &#8211; nous prenons soin de vous.<\/p>\n<\/div><\/section><\/p><\/div>\n<style type=\"text\/css\" data-created_by=\"avia_inline_auto\" id=\"style-css-av-732l6-3933b08e05190cc75ab5673a21b9ccfe\">\n.flex_column.av-732l6-3933b08e05190cc75ab5673a21b9ccfe{\npadding:0px 0px 0px 0px;\n}\n<\/style>\n<div  class='flex_column av-732l6-3933b08e05190cc75ab5673a21b9ccfe av_one_third  avia-builder-el-9  el_after_av_one_third  el_before_av_one_third  brand-value-box flex_column_div av-zero-column-padding  '     ><p>\n<style type=\"text\/css\" data-created_by=\"avia_inline_auto\" id=\"style-css-av-6ejy6-f23ca8c038405bff3026e756f772ba01\">\n.avia-image-container.av-6ejy6-f23ca8c038405bff3026e756f772ba01 img.avia_image{\nbox-shadow:none;\n}\n.avia-image-container.av-6ejy6-f23ca8c038405bff3026e756f772ba01 .av-image-caption-overlay-center{\ncolor:#ffffff;\n}\n<\/style>\n<div  class='avia-image-container av-6ejy6-f23ca8c038405bff3026e756f772ba01 av-styling- avia-align-center  avia-builder-el-10  el_before_pixel_sc_headline  avia-builder-el-first '   itemprop=\"image\" itemscope=\"itemscope\" itemtype=\"https:\/\/schema.org\/ImageObject\" ><div class=\"avia-image-container-inner\"><div class=\"avia-image-overlay-wrap\"><img decoding=\"async\" fetchpriority=\"high\" class='wp-image-7632 avia-img-lazy-loading-not-7632 avia_image ' src=\"https:\/\/www.cmc-group.info\/wp-content\/uploads\/icon-prem-qualit-blue.svg\" alt='' title='icon-prem-qualit-blue'  height=\"1\" width=\"1\"  itemprop=\"thumbnailUrl\"  \/><\/div><\/div><\/div><br \/>\n<div class=\"pxl-headline pxl-hl hl-wrap | hl-sub--off hl--align-center   baloo\">\n    <div class=\"hl-inner\">\n            <h3 class=\"hl-main hl-line |  hl_main--default blue \">Qualit\u00e9 premium<\/h3>\n            \n    <\/div>\n<\/div>\n<br \/>\n<section  class='av_textblock_section av-5h4bm-d0d870385d76b29cb2dc210055e7a21d '   itemscope=\"itemscope\" itemtype=\"https:\/\/schema.org\/CreativeWork\" ><div class='avia_textblock'  itemprop=\"text\" ><p>La s\u00e9curit\u00e9 et la fiabilit\u00e9 sont au c\u0153ur de nos priorit\u00e9s. Notre expertise de longue date dans le traitement des plaies, nous permet de vous proposer des produits innovants, con\u00e7us dans le respect des normes internationales.<\/p>\n<\/div><\/section><\/p><\/div>\n<style type=\"text\/css\" data-created_by=\"avia_inline_auto\" id=\"style-css-av-4trta-47268ae5cdd2a23b9105afaf376cebfb\">\n.flex_column.av-4trta-47268ae5cdd2a23b9105afaf376cebfb{\npadding:0px 0px 0px 0px;\n}\n<\/style>\n<div  class='flex_column av-4trta-47268ae5cdd2a23b9105afaf376cebfb av_one_third  avia-builder-el-13  el_after_av_one_third  avia-builder-el-last  brand-value-box flex_column_div av-zero-column-padding  '     ><p>\n<style type=\"text\/css\" data-created_by=\"avia_inline_auto\" id=\"style-css-av-4f5vy-a9b05a6c5db369187f091559f84ab096\">\n.avia-image-container.av-4f5vy-a9b05a6c5db369187f091559f84ab096 img.avia_image{\nbox-shadow:none;\n}\n.avia-image-container.av-4f5vy-a9b05a6c5db369187f091559f84ab096 .av-image-caption-overlay-center{\ncolor:#ffffff;\n}\n<\/style>\n<div  class='avia-image-container av-4f5vy-a9b05a6c5db369187f091559f84ab096 av-styling- avia-align-center  avia-builder-el-14  el_before_pixel_sc_headline  avia-builder-el-first '   itemprop=\"image\" itemscope=\"itemscope\" itemtype=\"https:\/\/schema.org\/ImageObject\" ><div class=\"avia-image-container-inner\"><div class=\"avia-image-overlay-wrap\"><img decoding=\"async\" fetchpriority=\"high\" class='wp-image-7639 avia-img-lazy-loading-not-7639 avia_image ' src=\"https:\/\/www.cmc-group.info\/wp-content\/uploads\/icon-weltkugel-2.png\" alt='' title='icon-weltkugel-2'  height=\"79\" width=\"117\"  itemprop=\"thumbnailUrl\"  \/><\/div><\/div><\/div><br \/>\n<div class=\"pxl-headline pxl-hl hl-wrap | hl-sub--off hl--align-center   baloo\">\n    <div class=\"hl-inner\">\n            <h3 class=\"hl-main hl-line |  hl_main--default blue \">Durabilit\u00e9<\/h3>\n            \n    <\/div>\n<\/div>\n<br \/>\n<section  class='av_textblock_section av-3grxa-74e19cf72b6de92e3a38777d2735bd9a '   itemscope=\"itemscope\" itemtype=\"https:\/\/schema.org\/CreativeWork\" ><div class='avia_textblock'  itemprop=\"text\" ><p style=\"text-align: center;\">Contribuer \u00e0 un monde plus sain &#8211; lors du d\u00e9veloppement de nouveaux produits, nous veillons tout particuli\u00e8rement \u00e0 vous prot\u00e9ger, vous et notre environnement.<\/p>\n<\/div><\/section><\/p><\/div>\n\n<\/div><\/div><\/div><!-- close content main div --><\/div><\/div><div id='unser-sortiment'  class='avia-section av-er5tfm-3800c050dd8e709a7477d5301398dafb main_color avia-section-default avia-no-border-styling  avia-builder-el-17  el_after_av_section  avia-builder-el-last  bel-auditiert avia-bg-style-scroll container_wrap fullsize'  ><div class='container av-section-cont-open' ><div class='template-page content  av-content-full alpha units'><div class='post-entry post-entry-type-page post-entry-8022'><div class='entry-content-wrapper clearfix'>\n\n<style type=\"text\/css\" data-created_by=\"avia_inline_auto\" id=\"style-css-av-cti3nm-160ce3799a2b68e9670503f927613d2b\">\n.flex_column.av-cti3nm-160ce3799a2b68e9670503f927613d2b{\nborder-radius:0px 0px 0px 0px;\npadding:0px 0px 0px 0px;\n}\n<\/style>\n<div  class='flex_column av-cti3nm-160ce3799a2b68e9670503f927613d2b av_one_full  avia-builder-el-18  el_before_av_one_full  avia-builder-el-first  first flex_column_div av-zero-column-padding  '     ><div class=\"pxl-headline pxl-hl hl-wrap | hl-sub--top hl--align-left   baloo\">\n    <div class=\"hl-inner\">\n            <h2 class=\"hl-main hl-line | h2-big hl_main--default blue \">Aper\u00e7u de notre gamme<\/h2>\n            <h3 class=\"hl-sub hl-line |  hl_sub--default babyblue \">Pratique, agr\u00e9able et fiable - pour vous sentir mieux, d\u00e8s les premiers instants<\/h3>\n    <\/div>\n<\/div><\/div>\n<style type=\"text\/css\" data-created_by=\"avia_inline_auto\" id=\"style-css-av-42zfwy-f07355ace2f08ad51cb1a1992eb9d3c9\">\n.flex_column.av-42zfwy-f07355ace2f08ad51cb1a1992eb9d3c9{\nborder-radius:0px 0px 0px 0px;\npadding:0px 0px 0px 0px;\n}\n<\/style>\n<div  class='flex_column av-42zfwy-f07355ace2f08ad51cb1a1992eb9d3c9 av_one_full  avia-builder-el-20  el_after_av_one_full  el_before_av_one_third  cosmoplast_products first flex_column_div av-zero-column-padding  column-top-margin'     ><div class=\"product-grid cols-3\">\n       \n<article class=\"product-card\"\n\t\t\tstyle=\"--farbe-bel-link: \"\n\t>\n\t<a class=\"product-card-link\" href=\"https:\/\/www.cmc-group.info\/fr\/product\/cosmoplast-essential-care\/\">\n\t\t\t\t<div class=\"product-card-media\">\n\t\t\t<img decoding=\"async\" class=\"product-card-image\" src=\"https:\/\/www.cmc-group.info\/wp-content\/uploads\/card-image-essential-care-4.png\" alt=\"Cosmoplast Essential care\">\n\t\t<\/div>\n\t\t\t\t<div class=\"product-card-content\">\n\t\t<h3 class=\"product-card-title\">Cosmoplast Essential care<\/h3>\n\t\t\t\t\t<p class=\"product-card-subtitle\">Nos essentiels pour votre trousse \u00e0 pharmacie.<\/p>\n\t\t\t\t<div class=\"product-card-cta-wrapper\">\n\t\t<span class=\"product-card-cta\">En savoir plus<\/span>\n\t\t<\/div>\n\t\t<\/div>\n\t<\/a>\n<\/article>\n       \n<article class=\"product-card\"\n\t\t\tstyle=\"--farbe-bel-link: \"\n\t>\n\t<a class=\"product-card-link\" href=\"https:\/\/www.cmc-group.info\/fr\/product\/cosmoplast-foot-care\/\">\n\t\t\t\t<div class=\"product-card-media\">\n\t\t\t<img decoding=\"async\" class=\"product-card-image\" src=\"https:\/\/www.cmc-group.info\/wp-content\/uploads\/card-image-foot-care-4-1030x633.png\" alt=\"Cosmoplast Foot care\">\n\t\t<\/div>\n\t\t\t\t<div class=\"product-card-content\">\n\t\t<h3 class=\"product-card-title\">Cosmoplast Foot care<\/h3>\n\t\t\t\t\t<p class=\"product-card-subtitle\">A chaque pas !<\/p>\n\t\t\t\t<div class=\"product-card-cta-wrapper\">\n\t\t<span class=\"product-card-cta\">En savoir plus<\/span>\n\t\t<\/div>\n\t\t<\/div>\n\t<\/a>\n<\/article>\n       \n<article class=\"product-card\"\n\t\t\tstyle=\"--farbe-bel-link: \"\n\t>\n\t<a class=\"product-card-link\" href=\"https:\/\/www.cmc-group.info\/fr\/product\/mypatch-par-cosmoplast\/\">\n\t\t\t\t<div class=\"product-card-media\">\n\t\t\t<img decoding=\"async\" class=\"product-card-image\" src=\"https:\/\/www.cmc-group.info\/wp-content\/uploads\/card-mypatch-1030x632.png\" alt=\"Cosmoplast My Patch\">\n\t\t<\/div>\n\t\t\t\t<div class=\"product-card-content\">\n\t\t<h3 class=\"product-card-title\">Cosmoplast My Patch<\/h3>\n\t\t\t\t\t<p class=\"product-card-subtitle\">Exactement VOTRE patch !<\/p>\n\t\t\t\t<div class=\"product-card-cta-wrapper\">\n\t\t<span class=\"product-card-cta\">En savoir plus<\/span>\n\t\t<\/div>\n\t\t<\/div>\n\t<\/a>\n<\/article>\n  <\/div><\/div>\n<style type=\"text\/css\" data-created_by=\"avia_inline_auto\" id=\"style-css-av-5ibneq-397b8cb484c06a8c90cc8ae9689df861\">\n.flex_column.av-5ibneq-397b8cb484c06a8c90cc8ae9689df861{\npadding:0px 0px 0px 0px;\n}\n<\/style>\n<div  class='flex_column av-5ibneq-397b8cb484c06a8c90cc8ae9689df861 av_one_third  avia-builder-el-22  el_after_av_one_full  avia-builder-el-last  unsere-tipps-fuer-dich first flex_column_div av-zero-column-padding  column-top-margin'     ><p>\n<style type=\"text\/css\" data-created_by=\"avia_inline_auto\" id=\"style-css-av-4db3jm-ed68428fb2637d2f0e6ff33c8c0f5b3d\">\n.avia-image-container.av-4db3jm-ed68428fb2637d2f0e6ff33c8c0f5b3d img.avia_image{\nbox-shadow:none;\n}\n.avia-image-container.av-4db3jm-ed68428fb2637d2f0e6ff33c8c0f5b3d .av-image-caption-overlay-center{\ncolor:#ffffff;\n}\n<\/style>\n<div  class='avia-image-container av-4db3jm-ed68428fb2637d2f0e6ff33c8c0f5b3d av-styling- avia-align-center  avia-builder-el-23  el_before_pixel_sc_headline  avia-builder-el-first '   itemprop=\"image\" itemscope=\"itemscope\" itemtype=\"https:\/\/schema.org\/ImageObject\" ><div class=\"avia-image-container-inner\"><div class=\"avia-image-overlay-wrap\"><img decoding=\"async\" fetchpriority=\"high\" class='wp-image-7653 avia-img-lazy-loading-not-7653 avia_image ' src=\"https:\/\/www.cmc-group.info\/wp-content\/uploads\/icon-tipps-blue.svg\" alt='' title='icon-tipps-blue'  height=\"1\" width=\"1\"  itemprop=\"thumbnailUrl\"  \/><\/div><\/div><\/div><br \/>\n<div class=\"pxl-headline pxl-hl hl-wrap | hl-sub--off hl--align-center   baloo\">\n    <div class=\"hl-inner\">\n            <h4 class=\"hl-main hl-line |  hl_main--default blue \">Nos conseils pratiques pour vous !<\/h4>\n            \n    <\/div>\n<\/div>\n<br \/>\n\n<style type=\"text\/css\" data-created_by=\"avia_inline_auto\" id=\"style-css-av-mhw0a176-f2ad696791d652ac5e68fa9eef1cfd24\">\n.av-horizontal-gallery.av-mhw0a176-f2ad696791d652ac5e68fa9eef1cfd24 .av-horizontal-gallery-inner{\npadding-bottom:25%;\n}\n<\/style>\n<div  class='av-horizontal-gallery av-mhw0a176-f2ad696791d652ac5e68fa9eef1cfd24 av-horizontal-gallery-large-gap av-horizontal-gallery--effect  avia-builder-el-25  el_after_pixel_sc_headline  avia-builder-el-last  av-slideshow-ui av-control-hidden av-no-slider-navigation av-hide-nav-arrows av-slideshow-manual av-loop-once av-loop-manual-endless av-horizontal-gallery-1' data-slideshow-data=\"{&quot;animation&quot;:&quot;slide&quot;,&quot;autoplay&quot;:false,&quot;loop_autoplay&quot;:&quot;once&quot;,&quot;interval&quot;:5,&quot;loop_manual&quot;:&quot;manual-endless&quot;,&quot;autoplay_stopper&quot;:false,&quot;noNavigation&quot;:true,&quot;bg_slider&quot;:false,&quot;keep_padding&quot;:&quot;&quot;,&quot;hoverpause&quot;:false,&quot;show_slide_delay&quot;:0}\"  itemprop=\"image\" itemscope=\"itemscope\" itemtype=\"https:\/\/schema.org\/ImageObject\" ><div class='avia-slideshow-arrows avia-slideshow-controls' ><a href='#prev' class='prev-slide av-horizontal-gallery-prev avia-svg-icon avia-font-svg_entypo-fontello' data-av_svg_icon='left-open-big' data-av_iconset='svg_entypo-fontello' tabindex='-1' title=\"Pr\u00e9c\u00e9dent\"><svg version=\"1.1\" xmlns=\"http:\/\/www.w3.org\/2000\/svg\" width=\"15\" height=\"32\" viewBox=\"0 0 15 32\" preserveAspectRatio=\"xMidYMid meet\" aria-labelledby='av-svg-title-1' aria-describedby='av-svg-desc-1' role=\"graphics-symbol\" aria-hidden=\"true\">\n<title id='av-svg-title-1'>Pr\u00e9c\u00e9dent<\/title>\n<desc id='av-svg-desc-1'>Pr\u00e9c\u00e9dent<\/desc>\n<path d=\"M14.464 27.84q0.832 0.832 0 1.536-0.832 0.832-1.536 0l-12.544-12.608q-0.768-0.768 0-1.6l12.544-12.608q0.704-0.832 1.536 0 0.832 0.704 0 1.536l-11.456 11.904z\"><\/path>\n<\/svg><span class='avia_hidden_link_text'>Pr\u00e9c\u00e9dent<\/span><\/a><a href='#next' class='next-slide av-horizontal-gallery-next avia-svg-icon avia-font-svg_entypo-fontello' data-av_svg_icon='right-open-big' data-av_iconset='svg_entypo-fontello' tabindex='-1' title=\"Suivant\"><svg version=\"1.1\" xmlns=\"http:\/\/www.w3.org\/2000\/svg\" width=\"15\" height=\"32\" viewBox=\"0 0 15 32\" preserveAspectRatio=\"xMidYMid meet\" aria-labelledby='av-svg-title-2' aria-describedby='av-svg-desc-2' role=\"graphics-symbol\" aria-hidden=\"true\">\n<title id='av-svg-title-2'>Suivant<\/title>\n<desc id='av-svg-desc-2'>Suivant<\/desc>\n<path d=\"M0.416 27.84l11.456-11.84-11.456-11.904q-0.832-0.832 0-1.536 0.832-0.832 1.536 0l12.544 12.608q0.768 0.832 0 1.6l-12.544 12.608q-0.704 0.832-1.536 0-0.832-0.704 0-1.536z\"><\/path>\n<\/svg><span class='avia_hidden_link_text'>Suivant<\/span><\/a><\/div><div class='avia-slideshow-dots avia-slideshow-controls av-horizontal-gallery-dots fade-in'><a href='#1' class='goto-slide active' >1<\/a><a href='#2' class='goto-slide ' >2<\/a><\/div><div class='av-horizontal-gallery-inner' data-av-height='25'><div class=\"av-horizontal-gallery-slider\"><div class=\"av-horizontal-gallery-wrap noHover\"><img decoding=\"async\" fetchpriority=\"high\" class='wp-image-7671 avia-img-lazy-loading-not-7671 av-horizontal-gallery-img' width=\"1030\" height=\"1030\" src=\"https:\/\/www.cmc-group.info\/wp-content\/uploads\/insta-blue.svg\" title='insta-blue' alt='' \/><\/div><div class=\"av-horizontal-gallery-wrap noHover\"><img decoding=\"async\" fetchpriority=\"high\" class='wp-image-7666 avia-img-lazy-loading-not-7666 av-horizontal-gallery-img' width=\"1030\" height=\"1030\" src=\"https:\/\/www.cmc-group.info\/wp-content\/uploads\/linkedin-blue.svg\" title='linkedin-blue' alt='' \/><\/div><\/div><\/div><\/div><\/p><\/div>\n","protected":false},"excerpt":{"rendered":"","protected":false},"author":1,"featured_media":0,"parent":0,"menu_order":0,"comment_status":"closed","ping_status":"closed","template":"","meta":{"_acf_changed":false,"inline_featured_image":false,"footnotes":""},"class_list":["post-8022","page","type-page","status-publish","hentry"],"acf":[],"yoast_head":"<!-- This site is optimized with the Yoast SEO plugin v27.5 - https:\/\/yoast.com\/product\/yoast-seo-wordpress\/ -->\n<title>Cosmoplast - CMC Consumer Medical Care<\/title>\n<meta name=\"robots\" content=\"index, follow, max-snippet:-1, max-image-preview:large, max-video-preview:-1\" \/>\n<link rel=\"canonical\" href=\"https:\/\/www.cmc-group.info\/fr\/cosmoplast\/\" \/>\n<meta property=\"og:locale\" content=\"fr_FR\" \/>\n<meta property=\"og:type\" content=\"article\" \/>\n<meta property=\"og:title\" content=\"Cosmoplast - CMC Consumer Medical Care\" \/>\n<meta property=\"og:url\" content=\"https:\/\/www.cmc-group.info\/fr\/cosmoplast\/\" \/>\n<meta property=\"og:site_name\" content=\"CMC Consumer Medical Care\" \/>\n<meta property=\"article:modified_time\" content=\"2026-04-15T15:34:39+00:00\" \/>\n<meta name=\"twitter:card\" content=\"summary_large_image\" \/>\n<meta name=\"twitter:label1\" content=\"Dur\u00e9e de lecture estim\u00e9e\" \/>\n\t<meta name=\"twitter:data1\" content=\"4 minutes\" \/>\n<script type=\"application\/ld+json\" class=\"yoast-schema-graph\">{\"@context\":\"https:\\\/\\\/schema.org\",\"@graph\":[{\"@type\":\"WebPage\",\"@id\":\"https:\\\/\\\/www.cmc-group.info\\\/fr\\\/cosmoplast\\\/\",\"url\":\"https:\\\/\\\/www.cmc-group.info\\\/fr\\\/cosmoplast\\\/\",\"name\":\"Cosmoplast - CMC Consumer Medical Care\",\"isPartOf\":{\"@id\":\"https:\\\/\\\/www.cmc-group.info\\\/#website\"},\"datePublished\":\"2025-11-11T11:27:47+00:00\",\"dateModified\":\"2026-04-15T15:34:39+00:00\",\"breadcrumb\":{\"@id\":\"https:\\\/\\\/www.cmc-group.info\\\/fr\\\/cosmoplast\\\/#breadcrumb\"},\"inLanguage\":\"fr-FR\",\"potentialAction\":[{\"@type\":\"ReadAction\",\"target\":[\"https:\\\/\\\/www.cmc-group.info\\\/fr\\\/cosmoplast\\\/\"]}]},{\"@type\":\"BreadcrumbList\",\"@id\":\"https:\\\/\\\/www.cmc-group.info\\\/fr\\\/cosmoplast\\\/#breadcrumb\",\"itemListElement\":[{\"@type\":\"ListItem\",\"position\":1,\"name\":\"Startseite\",\"item\":\"https:\\\/\\\/www.cmc-group.info\\\/fr\\\/accueil\\\/\"},{\"@type\":\"ListItem\",\"position\":2,\"name\":\"Cosmoplast\"}]},{\"@type\":\"WebSite\",\"@id\":\"https:\\\/\\\/www.cmc-group.info\\\/#website\",\"url\":\"https:\\\/\\\/www.cmc-group.info\\\/\",\"name\":\"CMC Consumer Medical Care\",\"description\":\"\",\"potentialAction\":[{\"@type\":\"SearchAction\",\"target\":{\"@type\":\"EntryPoint\",\"urlTemplate\":\"https:\\\/\\\/www.cmc-group.info\\\/?s={search_term_string}\"},\"query-input\":{\"@type\":\"PropertyValueSpecification\",\"valueRequired\":true,\"valueName\":\"search_term_string\"}}],\"inLanguage\":\"fr-FR\"}]}<\/script>\n<!-- \/ Yoast SEO plugin. -->","yoast_head_json":{"title":"Cosmoplast - CMC Consumer Medical Care","robots":{"index":"index","follow":"follow","max-snippet":"max-snippet:-1","max-image-preview":"max-image-preview:large","max-video-preview":"max-video-preview:-1"},"canonical":"https:\/\/www.cmc-group.info\/fr\/cosmoplast\/","og_locale":"fr_FR","og_type":"article","og_title":"Cosmoplast - CMC Consumer Medical Care","og_url":"https:\/\/www.cmc-group.info\/fr\/cosmoplast\/","og_site_name":"CMC Consumer Medical Care","article_modified_time":"2026-04-15T15:34:39+00:00","twitter_card":"summary_large_image","twitter_misc":{"Dur\u00e9e de lecture estim\u00e9e":"4 minutes"},"schema":{"@context":"https:\/\/schema.org","@graph":[{"@type":"WebPage","@id":"https:\/\/www.cmc-group.info\/fr\/cosmoplast\/","url":"https:\/\/www.cmc-group.info\/fr\/cosmoplast\/","name":"Cosmoplast - CMC Consumer Medical Care","isPartOf":{"@id":"https:\/\/www.cmc-group.info\/#website"},"datePublished":"2025-11-11T11:27:47+00:00","dateModified":"2026-04-15T15:34:39+00:00","breadcrumb":{"@id":"https:\/\/www.cmc-group.info\/fr\/cosmoplast\/#breadcrumb"},"inLanguage":"fr-FR","potentialAction":[{"@type":"ReadAction","target":["https:\/\/www.cmc-group.info\/fr\/cosmoplast\/"]}]},{"@type":"BreadcrumbList","@id":"https:\/\/www.cmc-group.info\/fr\/cosmoplast\/#breadcrumb","itemListElement":[{"@type":"ListItem","position":1,"name":"Startseite","item":"https:\/\/www.cmc-group.info\/fr\/accueil\/"},{"@type":"ListItem","position":2,"name":"Cosmoplast"}]},{"@type":"WebSite","@id":"https:\/\/www.cmc-group.info\/#website","url":"https:\/\/www.cmc-group.info\/","name":"CMC Consumer Medical Care","description":"","potentialAction":[{"@type":"SearchAction","target":{"@type":"EntryPoint","urlTemplate":"https:\/\/www.cmc-group.info\/?s={search_term_string}"},"query-input":{"@type":"PropertyValueSpecification","valueRequired":true,"valueName":"search_term_string"}}],"inLanguage":"fr-FR"}]}},"_links":{"self":[{"href":"https:\/\/www.cmc-group.info\/fr\/wp-json\/wp\/v2\/pages\/8022","targetHints":{"allow":["GET"]}}],"collection":[{"href":"https:\/\/www.cmc-group.info\/fr\/wp-json\/wp\/v2\/pages"}],"about":[{"href":"https:\/\/www.cmc-group.info\/fr\/wp-json\/wp\/v2\/types\/page"}],"author":[{"embeddable":true,"href":"https:\/\/www.cmc-group.info\/fr\/wp-json\/wp\/v2\/users\/1"}],"replies":[{"embeddable":true,"href":"https:\/\/www.cmc-group.info\/fr\/wp-json\/wp\/v2\/comments?post=8022"}],"version-history":[{"count":25,"href":"https:\/\/www.cmc-group.info\/fr\/wp-json\/wp\/v2\/pages\/8022\/revisions"}],"predecessor-version":[{"id":8897,"href":"https:\/\/www.cmc-group.info\/fr\/wp-json\/wp\/v2\/pages\/8022\/revisions\/8897"}],"wp:attachment":[{"href":"https:\/\/www.cmc-group.info\/fr\/wp-json\/wp\/v2\/media?parent=8022"}],"curies":[{"name":"wp","href":"https:\/\/api.w.org\/{rel}","templated":true}]}}