{"id":6975,"date":"2025-04-23T09:38:49","date_gmt":"2025-04-23T07:38:49","guid":{"rendered":"https:\/\/www.cmc-group.info\/conformite\/"},"modified":"2026-03-17T12:13:12","modified_gmt":"2026-03-17T11:13:12","slug":"conformite","status":"publish","type":"page","link":"https:\/\/www.cmc-group.info\/fr\/conformite\/","title":{"rendered":"Conformit\u00e9"},"content":{"rendered":"<div class=\"pixelheader-section\">\n\t<div class=\"container\">\n\t\t<div class=\"content\">\n\t\t\t<div class=\"pixelheader layout-std slick\">\n\t\t\t\t\n\t\t\t\t\t\t\t\t\t\t\n\t\t\t\t\t<div class=\"headerslide \">\n\t\t\t\t\t\t<div class=\"headerslide-leftcol\">\n\t\t\t\t\t\t\t<div class=\"headerslide-leftcol-content\">\n\t\t\t\t\t\t\t\n\t\t\t\t\t\t\t\t\n\t\t\t\t\t\t\t\t\t\t\t\t\t\t\t\t\n\t\t\t\t\t\t\t\t<h1 class=\"headerslide-title\">Conformit\u00e9<\/h3>\n\t\t\t\t\t\t\t\t<h3 class=\"headerslide-subtitle\"><\/h3>\n\t\t\t\t\t\t\t\t\t\t\t\t\t\t\t<\/div>\n\t\t\t\t\t\t<\/div>\n\t\t\t\t\t\t<div class=\"headerslide-rightcol\">\n\t\t\t\t\t\t\t\t\t\t\t\t\t\t\t<div class=\"headerslide-header-img\">\n\t\t\t\t\t\t\t\t\t<img decoding=\"async\" src=\"https:\/\/www.cmc-group.info\/wp-content\/uploads\/cmc_kopfbild_kontakt-1.png\" alt=\"slide-header-img\" \/>\n\t\t\t\t\t\t\t\t<\/div>\n\t\t\t\t\t\t\t\t\t\t\t\t\t\t\t\t\t\t\t\t\t\t\t\t\t\t\t\t\t\t\t\t\t\t<\/div>\n\t\t\t\t\t<\/div>\n\t\t\t\t\t\t\t<\/div>\n\t\t<\/div>\n\t<\/div>\n<\/div>\n\n<div id='av_section_1'  class='avia-section av-8wjhm-8a5c587030cc3798b6a4dc85a32b6468 main_color avia-section-default avia-no-border-styling  avia-builder-el-1  el_after_pixelheader  avia-builder-el-last  locations-5columns custom-compliance-integrity-section avia-bg-style-scroll container_wrap fullsize'  ><div class='container av-section-cont-open' ><div class='template-page content  av-content-full alpha units'><div class='post-entry post-entry-type-page post-entry-6975'><div class='entry-content-wrapper clearfix'>\n\n<style type=\"text\/css\" data-created_by=\"avia_inline_auto\" id=\"style-css-av-lmfylqce-f84be40d437d8366e788fc34ca8449bb\">\n.flex_column.av-lmfylqce-f84be40d437d8366e788fc34ca8449bb{\nborder-radius:0px 0px 0px 0px;\npadding:0px 0px 0px 0px;\n}\n<\/style>\n<div  class='flex_column av-lmfylqce-f84be40d437d8366e788fc34ca8449bb av_one_full  avia-builder-el-2  avia-builder-el-no-sibling  infobox-codeofconduct first flex_column_div av-zero-column-padding  '     ><section  class='av_textblock_section av-lmfylfvo-cb220026d9d5d6218f13d03015a7c39f '   itemscope=\"itemscope\" itemtype=\"https:\/\/schema.org\/CreativeWork\" ><div class='avia_textblock custom-list-icon'  itemprop=\"text\" ><h3>Faire part de ses inqui\u00e9tudes &#8211;<br \/>\nVoies de signalement au sein du groupe HARTMANN<\/h3>\n<p>Chez HARTMANN, nous encourageons tout le monde, aussi bien les employ\u00e9s que les personnes ext\u00e9rieures \u00e0 l&rsquo;entreprise, \u00e0 faire part de leurs pr\u00e9occupations et \u00e0 signaler les comportements r\u00e9pr\u00e9hensibles, tels que les violations des lois en vigueur ou de notre code de conduite.<\/p>\n<p>Pour plus de d\u00e9tails, veuillez consulter notre <a href=\"https:\/\/www.cmc-group.info\/wp-content\/uploads\/FR_Group_HARTMANN-Code-of-Conduct_public.pdf\" target=\"_blank\" rel=\"noopener\">Code de conduite<\/a>.<br \/>\nL&rsquo;identit\u00e9 de l&rsquo;auteur de l&rsquo;alerte et des autres personnes mentionn\u00e9es dans l&rsquo;alerte est trait\u00e9e de mani\u00e8re confidentielle.<\/p>\n<p>Vous pouvez nous informer des infractions par les moyens suivants :<\/p>\n<h3><strong>CMC Integrity Channel<\/strong><\/h3>\n<p>Le site <a href=\"https:\/\/whistleblowersoftware.com\/secure\/cmcgroup\" target=\"_blank\" rel=\"noopener\"><strong>Integrity Channel<\/strong><\/a> vous offre un moyen s\u00fbr et confidentiel de signaler des violations et des comportements inappropri\u00e9s en rapport avec CMC.<\/p>\n<div>Nos principes en mati\u00e8re de signalement d&rsquo;indices :<\/div>\n<div>\n<ul class=\"list-bullet\">\n<li>Notre Integrity Channel est accessible \u00e0 tous &#8211; les signalements d&rsquo;alertes peuvent \u00eatre effectu\u00e9s dans diff\u00e9rentes langues.<\/li>\n<li>L&rsquo;\u00e9quit\u00e9 et la protection des lanceurs d&rsquo;alerte sont des principes essentiels pour nous &#8211; nous traiterons votre alerte de mani\u00e8re ind\u00e9pendante, objective, opportune et strictement confidentielle.<\/li>\n<li>D\u00e8s r\u00e9ception de votre notification, nous vous en accuserons r\u00e9ception dans un d\u00e9lai de sept jours.<\/li>\n<li>Nous prenons toutes les remarques au s\u00e9rieux et les \u00e9tudions.<\/li>\n<li>Si n\u00e9cessaire, nous d\u00e9finirons et mettrons en \u0153uvre des mesures appropri\u00e9es (en impliquant les fournisseurs\/partenaires commerciaux concern\u00e9s, le cas \u00e9ch\u00e9ant).<\/li>\n<li>Nous vous informerons des r\u00e9sultats de l&rsquo;enqu\u00eate et, le cas \u00e9ch\u00e9ant, des mesures correctives \u00e0 prendre.<\/li>\n<li>Nous ne tol\u00e9rons pas les repr\u00e9sailles. Merci de nous signaler si vous avez \u00e9t\u00e9 victime de repr\u00e9sailles.<\/li>\n<\/ul>\n<\/div>\n<p><img loading=\"lazy\" decoding=\"async\" class=\"alignnone wp-image-6290\" src=\"https:\/\/www.cmc-group.info\/wp-content\/uploads\/cmc_kontakt_qrcode.png\" alt=\"\" width=\"250\" height=\"248\" srcset=\"https:\/\/www.cmc-group.info\/wp-content\/uploads\/cmc_kontakt_qrcode.png 382w, https:\/\/www.cmc-group.info\/wp-content\/uploads\/cmc_kontakt_qrcode-300x298.png 300w, https:\/\/www.cmc-group.info\/wp-content\/uploads\/cmc_kontakt_qrcode-80x80.png 80w, https:\/\/www.cmc-group.info\/wp-content\/uploads\/cmc_kontakt_qrcode-36x36.png 36w, https:\/\/www.cmc-group.info\/wp-content\/uploads\/cmc_kontakt_qrcode-180x180.png 180w\" sizes=\"auto, (max-width: 250px) 100vw, 250px\" \/><\/p>\n<\/div><\/section><\/div>\n","protected":false},"excerpt":{"rendered":"","protected":false},"author":1,"featured_media":0,"parent":0,"menu_order":7,"comment_status":"closed","ping_status":"closed","template":"","meta":{"_acf_changed":false,"inline_featured_image":false,"footnotes":""},"class_list":["post-6975","page","type-page","status-publish","hentry"],"acf":[],"yoast_head":"<!-- This site is optimized with the Yoast SEO plugin v27.5 - https:\/\/yoast.com\/product\/yoast-seo-wordpress\/ -->\n<title>Conformit\u00e9 - CMC Consumer Medical Care<\/title>\n<meta name=\"robots\" content=\"index, follow, max-snippet:-1, max-image-preview:large, max-video-preview:-1\" \/>\n<link rel=\"canonical\" href=\"https:\/\/www.cmc-group.info\/fr\/conformite\/\" \/>\n<meta property=\"og:locale\" content=\"fr_FR\" \/>\n<meta property=\"og:type\" content=\"article\" \/>\n<meta property=\"og:title\" content=\"Conformit\u00e9 - CMC Consumer Medical Care\" \/>\n<meta property=\"og:url\" content=\"https:\/\/www.cmc-group.info\/fr\/conformite\/\" \/>\n<meta property=\"og:site_name\" content=\"CMC Consumer Medical Care\" \/>\n<meta property=\"article:modified_time\" content=\"2026-03-17T11:13:12+00:00\" \/>\n<meta property=\"og:image\" content=\"https:\/\/www.cmc-group.info\/wp-content\/uploads\/cmc_kontakt_qrcode.png\" \/>\n<meta name=\"twitter:card\" content=\"summary_large_image\" \/>\n<meta name=\"twitter:label1\" content=\"Dur\u00e9e de lecture estim\u00e9e\" \/>\n\t<meta name=\"twitter:data1\" content=\"2 minutes\" \/>\n<script type=\"application\/ld+json\" class=\"yoast-schema-graph\">{\"@context\":\"https:\\\/\\\/schema.org\",\"@graph\":[{\"@type\":\"WebPage\",\"@id\":\"https:\\\/\\\/www.cmc-group.info\\\/fr\\\/conformite\\\/\",\"url\":\"https:\\\/\\\/www.cmc-group.info\\\/fr\\\/conformite\\\/\",\"name\":\"Conformit\u00e9 - CMC Consumer Medical Care\",\"isPartOf\":{\"@id\":\"https:\\\/\\\/www.cmc-group.info\\\/#website\"},\"primaryImageOfPage\":{\"@id\":\"https:\\\/\\\/www.cmc-group.info\\\/fr\\\/conformite\\\/#primaryimage\"},\"image\":{\"@id\":\"https:\\\/\\\/www.cmc-group.info\\\/fr\\\/conformite\\\/#primaryimage\"},\"thumbnailUrl\":\"https:\\\/\\\/www.cmc-group.info\\\/wp-content\\\/uploads\\\/cmc_kontakt_qrcode.png\",\"datePublished\":\"2025-04-23T07:38:49+00:00\",\"dateModified\":\"2026-03-17T11:13:12+00:00\",\"breadcrumb\":{\"@id\":\"https:\\\/\\\/www.cmc-group.info\\\/fr\\\/conformite\\\/#breadcrumb\"},\"inLanguage\":\"fr-FR\",\"potentialAction\":[{\"@type\":\"ReadAction\",\"target\":[\"https:\\\/\\\/www.cmc-group.info\\\/fr\\\/conformite\\\/\"]}]},{\"@type\":\"ImageObject\",\"inLanguage\":\"fr-FR\",\"@id\":\"https:\\\/\\\/www.cmc-group.info\\\/fr\\\/conformite\\\/#primaryimage\",\"url\":\"https:\\\/\\\/www.cmc-group.info\\\/wp-content\\\/uploads\\\/cmc_kontakt_qrcode.png\",\"contentUrl\":\"https:\\\/\\\/www.cmc-group.info\\\/wp-content\\\/uploads\\\/cmc_kontakt_qrcode.png\"},{\"@type\":\"BreadcrumbList\",\"@id\":\"https:\\\/\\\/www.cmc-group.info\\\/fr\\\/conformite\\\/#breadcrumb\",\"itemListElement\":[{\"@type\":\"ListItem\",\"position\":1,\"name\":\"Startseite\",\"item\":\"https:\\\/\\\/www.cmc-group.info\\\/fr\\\/accueil\\\/\"},{\"@type\":\"ListItem\",\"position\":2,\"name\":\"Conformit\u00e9\"}]},{\"@type\":\"WebSite\",\"@id\":\"https:\\\/\\\/www.cmc-group.info\\\/#website\",\"url\":\"https:\\\/\\\/www.cmc-group.info\\\/\",\"name\":\"CMC Consumer Medical Care\",\"description\":\"\",\"potentialAction\":[{\"@type\":\"SearchAction\",\"target\":{\"@type\":\"EntryPoint\",\"urlTemplate\":\"https:\\\/\\\/www.cmc-group.info\\\/?s={search_term_string}\"},\"query-input\":{\"@type\":\"PropertyValueSpecification\",\"valueRequired\":true,\"valueName\":\"search_term_string\"}}],\"inLanguage\":\"fr-FR\"}]}<\/script>\n<!-- \/ Yoast SEO plugin. -->","yoast_head_json":{"title":"Conformit\u00e9 - CMC Consumer Medical Care","robots":{"index":"index","follow":"follow","max-snippet":"max-snippet:-1","max-image-preview":"max-image-preview:large","max-video-preview":"max-video-preview:-1"},"canonical":"https:\/\/www.cmc-group.info\/fr\/conformite\/","og_locale":"fr_FR","og_type":"article","og_title":"Conformit\u00e9 - CMC Consumer Medical Care","og_url":"https:\/\/www.cmc-group.info\/fr\/conformite\/","og_site_name":"CMC Consumer Medical Care","article_modified_time":"2026-03-17T11:13:12+00:00","og_image":[{"url":"https:\/\/www.cmc-group.info\/wp-content\/uploads\/cmc_kontakt_qrcode.png","type":"","width":"","height":""}],"twitter_card":"summary_large_image","twitter_misc":{"Dur\u00e9e de lecture estim\u00e9e":"2 minutes"},"schema":{"@context":"https:\/\/schema.org","@graph":[{"@type":"WebPage","@id":"https:\/\/www.cmc-group.info\/fr\/conformite\/","url":"https:\/\/www.cmc-group.info\/fr\/conformite\/","name":"Conformit\u00e9 - CMC Consumer Medical Care","isPartOf":{"@id":"https:\/\/www.cmc-group.info\/#website"},"primaryImageOfPage":{"@id":"https:\/\/www.cmc-group.info\/fr\/conformite\/#primaryimage"},"image":{"@id":"https:\/\/www.cmc-group.info\/fr\/conformite\/#primaryimage"},"thumbnailUrl":"https:\/\/www.cmc-group.info\/wp-content\/uploads\/cmc_kontakt_qrcode.png","datePublished":"2025-04-23T07:38:49+00:00","dateModified":"2026-03-17T11:13:12+00:00","breadcrumb":{"@id":"https:\/\/www.cmc-group.info\/fr\/conformite\/#breadcrumb"},"inLanguage":"fr-FR","potentialAction":[{"@type":"ReadAction","target":["https:\/\/www.cmc-group.info\/fr\/conformite\/"]}]},{"@type":"ImageObject","inLanguage":"fr-FR","@id":"https:\/\/www.cmc-group.info\/fr\/conformite\/#primaryimage","url":"https:\/\/www.cmc-group.info\/wp-content\/uploads\/cmc_kontakt_qrcode.png","contentUrl":"https:\/\/www.cmc-group.info\/wp-content\/uploads\/cmc_kontakt_qrcode.png"},{"@type":"BreadcrumbList","@id":"https:\/\/www.cmc-group.info\/fr\/conformite\/#breadcrumb","itemListElement":[{"@type":"ListItem","position":1,"name":"Startseite","item":"https:\/\/www.cmc-group.info\/fr\/accueil\/"},{"@type":"ListItem","position":2,"name":"Conformit\u00e9"}]},{"@type":"WebSite","@id":"https:\/\/www.cmc-group.info\/#website","url":"https:\/\/www.cmc-group.info\/","name":"CMC Consumer Medical Care","description":"","potentialAction":[{"@type":"SearchAction","target":{"@type":"EntryPoint","urlTemplate":"https:\/\/www.cmc-group.info\/?s={search_term_string}"},"query-input":{"@type":"PropertyValueSpecification","valueRequired":true,"valueName":"search_term_string"}}],"inLanguage":"fr-FR"}]}},"_links":{"self":[{"href":"https:\/\/www.cmc-group.info\/fr\/wp-json\/wp\/v2\/pages\/6975","targetHints":{"allow":["GET"]}}],"collection":[{"href":"https:\/\/www.cmc-group.info\/fr\/wp-json\/wp\/v2\/pages"}],"about":[{"href":"https:\/\/www.cmc-group.info\/fr\/wp-json\/wp\/v2\/types\/page"}],"author":[{"embeddable":true,"href":"https:\/\/www.cmc-group.info\/fr\/wp-json\/wp\/v2\/users\/1"}],"replies":[{"embeddable":true,"href":"https:\/\/www.cmc-group.info\/fr\/wp-json\/wp\/v2\/comments?post=6975"}],"version-history":[{"count":9,"href":"https:\/\/www.cmc-group.info\/fr\/wp-json\/wp\/v2\/pages\/6975\/revisions"}],"predecessor-version":[{"id":8744,"href":"https:\/\/www.cmc-group.info\/fr\/wp-json\/wp\/v2\/pages\/6975\/revisions\/8744"}],"wp:attachment":[{"href":"https:\/\/www.cmc-group.info\/fr\/wp-json\/wp\/v2\/media?parent=6975"}],"curies":[{"name":"wp","href":"https:\/\/api.w.org\/{rel}","templated":true}]}}