{"id":6970,"date":"2025-04-23T09:38:49","date_gmt":"2025-04-23T07:38:49","guid":{"rendered":"https:\/\/www.cmc-group.info\/conformidad\/"},"modified":"2026-03-17T12:13:44","modified_gmt":"2026-03-17T11:13:44","slug":"conformidad","status":"publish","type":"page","link":"https:\/\/www.cmc-group.info\/es\/conformidad\/","title":{"rendered":"Conformidad"},"content":{"rendered":"<div class=\"pixelheader-section\">\n\t<div class=\"container\">\n\t\t<div class=\"content\">\n\t\t\t<div class=\"pixelheader layout-std slick\">\n\t\t\t\t\n\t\t\t\t\t\t\t\t\t\t\n\t\t\t\t\t<div class=\"headerslide \">\n\t\t\t\t\t\t<div class=\"headerslide-leftcol\">\n\t\t\t\t\t\t\t<div class=\"headerslide-leftcol-content\">\n\t\t\t\t\t\t\t\n\t\t\t\t\t\t\t\t\n\t\t\t\t\t\t\t\t\t\t\t\t\t\t\t\t\n\t\t\t\t\t\t\t\t<h1 class=\"headerslide-title\">Conformidad<\/h3>\n\t\t\t\t\t\t\t\t<h3 class=\"headerslide-subtitle\"><\/h3>\n\t\t\t\t\t\t\t\t\t\t\t\t\t\t\t<\/div>\n\t\t\t\t\t\t<\/div>\n\t\t\t\t\t\t<div class=\"headerslide-rightcol\">\n\t\t\t\t\t\t\t\t\t\t\t\t\t\t\t<div class=\"headerslide-header-img\">\n\t\t\t\t\t\t\t\t\t<img decoding=\"async\" src=\"https:\/\/www.cmc-group.info\/wp-content\/uploads\/cmc_kopfbild_kontakt-1.png\" alt=\"slide-header-img\" \/>\n\t\t\t\t\t\t\t\t<\/div>\n\t\t\t\t\t\t\t\t\t\t\t\t\t\t\t\t\t\t\t\t\t\t\t\t\t\t\t\t\t\t\t\t\t\t<\/div>\n\t\t\t\t\t<\/div>\n\t\t\t\t\t\t\t<\/div>\n\t\t<\/div>\n\t<\/div>\n<\/div>\n\n<div id='av_section_1'  class='avia-section av-8wjhm-8a5c587030cc3798b6a4dc85a32b6468 main_color avia-section-default avia-no-border-styling  avia-builder-el-1  el_after_pixelheader  avia-builder-el-last  locations-5columns custom-compliance-integrity-section avia-bg-style-scroll container_wrap fullsize'  ><div class='container av-section-cont-open' ><div class='template-page content  av-content-full alpha units'><div class='post-entry post-entry-type-page post-entry-6970'><div class='entry-content-wrapper clearfix'>\n\n<style type=\"text\/css\" data-created_by=\"avia_inline_auto\" id=\"style-css-av-lmfylqce-f84be40d437d8366e788fc34ca8449bb\">\n.flex_column.av-lmfylqce-f84be40d437d8366e788fc34ca8449bb{\nborder-radius:0px 0px 0px 0px;\npadding:0px 0px 0px 0px;\n}\n<\/style>\n<div  class='flex_column av-lmfylqce-f84be40d437d8366e788fc34ca8449bb av_one_full  avia-builder-el-2  avia-builder-el-no-sibling  infobox-codeofconduct first flex_column_div av-zero-column-padding  '     ><section  class='av_textblock_section av-lmfylfvo-cb220026d9d5d6218f13d03015a7c39f '   itemscope=\"itemscope\" itemtype=\"https:\/\/schema.org\/CreativeWork\" ><div class='avia_textblock custom-list-icon'  itemprop=\"text\" ><h3>Plantear inquietudes &#8211; Canales de informaci\u00f3n en el Grupo HARTMANN<\/h3>\n<p>En HARTMANN, animamos a todo el mundo, tanto a los empleados como a las personas externas, a que planteen sus preocupaciones y denuncien las conductas indebidas, como las infracciones de las leyes aplicables o de nuestro C\u00f3digo de Conducta.<\/p>\n<p>Encontrar\u00e1s m\u00e1s detalles en nuestro <a href=\"https:\/\/www.cmc-group.info\/wp-content\/uploads\/ES_Group_HARTMANN-Code-of-Conduct_public.pdf\" target=\"_blank\" rel=\"noopener\">C\u00f3digo de Conducta<\/a>.<br \/>\nLa identidad del denunciante y de cualquier otra persona mencionada en la denuncia ser\u00e1 tratada confidencialmente.<\/p>\n<p>Puedes informarnos de las infracciones de las siguientes formas:<\/p>\n<h3><strong>Canal de Integridad CMC<\/strong><\/h3>\n<p>La p\u00e1gina <a href=\"https:\/\/whistleblowersoftware.com\/secure\/cmcgroup\" target=\"_blank\" rel=\"noopener\"><strong>Canal de Integridad<\/strong><\/a> te ofrece una forma segura y confidencial de denunciar infracciones y conductas indebidas en relaci\u00f3n con el CMC.<\/p>\n<div>Nuestros principios para informar:<\/div>\n<div>\n<ul class=\"list-bullet\">\n<li>Nuestro Canal de Integridad es accesible para todos: se pueden hacer denuncias en distintos idiomas.<\/li>\n<li>La imparcialidad y la protecci\u00f3n de los denunciantes son principios clave para nosotros: trataremos tu denuncia de forma independiente, objetiva, r\u00e1pida y estrictamente confidencial.<\/li>\n<li>En cuanto hayamos recibido tu notificaci\u00f3n, te confirmaremos la recepci\u00f3n en un plazo de siete d\u00edas.<\/li>\n<li>Nos tomamos en serio todos los consejos y les damos seguimiento.<\/li>\n<li>En caso necesario, definiremos y aplicaremos medidas adecuadas (si es preciso, con la participaci\u00f3n de los proveedores\/socios comerciales afectados).<\/li>\n<li>Te informaremos de los resultados de la investigaci\u00f3n y, si es necesario, de las medidas correctoras.<\/li>\n<li>No toleramos las represalias. Por favor, inf\u00f3rmanos si has sido v\u00edctima de represalias.<\/li>\n<\/ul>\n<\/div>\n<p><img loading=\"lazy\" decoding=\"async\" class=\"alignnone wp-image-6290\" src=\"https:\/\/www.cmc-group.info\/wp-content\/uploads\/cmc_kontakt_qrcode.png\" alt=\"\" width=\"250\" height=\"248\" srcset=\"https:\/\/www.cmc-group.info\/wp-content\/uploads\/cmc_kontakt_qrcode.png 382w, https:\/\/www.cmc-group.info\/wp-content\/uploads\/cmc_kontakt_qrcode-300x298.png 300w, https:\/\/www.cmc-group.info\/wp-content\/uploads\/cmc_kontakt_qrcode-80x80.png 80w, https:\/\/www.cmc-group.info\/wp-content\/uploads\/cmc_kontakt_qrcode-36x36.png 36w, https:\/\/www.cmc-group.info\/wp-content\/uploads\/cmc_kontakt_qrcode-180x180.png 180w\" sizes=\"auto, (max-width: 250px) 100vw, 250px\" \/><\/p>\n<\/div><\/section><\/div>\n","protected":false},"excerpt":{"rendered":"","protected":false},"author":1,"featured_media":0,"parent":0,"menu_order":7,"comment_status":"closed","ping_status":"closed","template":"","meta":{"_acf_changed":false,"inline_featured_image":false,"footnotes":""},"class_list":["post-6970","page","type-page","status-publish","hentry"],"acf":[],"yoast_head":"<!-- This site is optimized with the Yoast SEO plugin v27.3 - https:\/\/yoast.com\/product\/yoast-seo-wordpress\/ -->\n<title>Conformidad - CMC Consumer Medical Care<\/title>\n<meta name=\"robots\" content=\"index, follow, max-snippet:-1, max-image-preview:large, max-video-preview:-1\" \/>\n<link rel=\"canonical\" href=\"https:\/\/www.cmc-group.info\/es\/conformidad\/\" \/>\n<meta property=\"og:locale\" content=\"es_ES\" \/>\n<meta property=\"og:type\" content=\"article\" \/>\n<meta property=\"og:title\" content=\"Conformidad - CMC Consumer Medical Care\" \/>\n<meta property=\"og:url\" content=\"https:\/\/www.cmc-group.info\/es\/conformidad\/\" \/>\n<meta property=\"og:site_name\" content=\"CMC Consumer Medical Care\" \/>\n<meta property=\"article:modified_time\" content=\"2026-03-17T11:13:44+00:00\" \/>\n<meta property=\"og:image\" content=\"https:\/\/www.cmc-group.info\/wp-content\/uploads\/cmc_kontakt_qrcode.png\" \/>\n<meta name=\"twitter:card\" content=\"summary_large_image\" \/>\n<meta name=\"twitter:label1\" content=\"Tiempo de lectura\" \/>\n\t<meta name=\"twitter:data1\" content=\"2 minutos\" \/>\n<script type=\"application\/ld+json\" class=\"yoast-schema-graph\">{\"@context\":\"https:\\\/\\\/schema.org\",\"@graph\":[{\"@type\":\"WebPage\",\"@id\":\"https:\\\/\\\/www.cmc-group.info\\\/es\\\/conformidad\\\/\",\"url\":\"https:\\\/\\\/www.cmc-group.info\\\/es\\\/conformidad\\\/\",\"name\":\"Conformidad - CMC Consumer Medical Care\",\"isPartOf\":{\"@id\":\"https:\\\/\\\/www.cmc-group.info\\\/#website\"},\"primaryImageOfPage\":{\"@id\":\"https:\\\/\\\/www.cmc-group.info\\\/es\\\/conformidad\\\/#primaryimage\"},\"image\":{\"@id\":\"https:\\\/\\\/www.cmc-group.info\\\/es\\\/conformidad\\\/#primaryimage\"},\"thumbnailUrl\":\"https:\\\/\\\/www.cmc-group.info\\\/wp-content\\\/uploads\\\/cmc_kontakt_qrcode.png\",\"datePublished\":\"2025-04-23T07:38:49+00:00\",\"dateModified\":\"2026-03-17T11:13:44+00:00\",\"breadcrumb\":{\"@id\":\"https:\\\/\\\/www.cmc-group.info\\\/es\\\/conformidad\\\/#breadcrumb\"},\"inLanguage\":\"es\",\"potentialAction\":[{\"@type\":\"ReadAction\",\"target\":[\"https:\\\/\\\/www.cmc-group.info\\\/es\\\/conformidad\\\/\"]}]},{\"@type\":\"ImageObject\",\"inLanguage\":\"es\",\"@id\":\"https:\\\/\\\/www.cmc-group.info\\\/es\\\/conformidad\\\/#primaryimage\",\"url\":\"https:\\\/\\\/www.cmc-group.info\\\/wp-content\\\/uploads\\\/cmc_kontakt_qrcode.png\",\"contentUrl\":\"https:\\\/\\\/www.cmc-group.info\\\/wp-content\\\/uploads\\\/cmc_kontakt_qrcode.png\"},{\"@type\":\"BreadcrumbList\",\"@id\":\"https:\\\/\\\/www.cmc-group.info\\\/es\\\/conformidad\\\/#breadcrumb\",\"itemListElement\":[{\"@type\":\"ListItem\",\"position\":1,\"name\":\"Startseite\",\"item\":\"https:\\\/\\\/www.cmc-group.info\\\/es\\\/inicio\\\/\"},{\"@type\":\"ListItem\",\"position\":2,\"name\":\"Conformidad\"}]},{\"@type\":\"WebSite\",\"@id\":\"https:\\\/\\\/www.cmc-group.info\\\/#website\",\"url\":\"https:\\\/\\\/www.cmc-group.info\\\/\",\"name\":\"CMC Consumer Medical Care\",\"description\":\"\",\"potentialAction\":[{\"@type\":\"SearchAction\",\"target\":{\"@type\":\"EntryPoint\",\"urlTemplate\":\"https:\\\/\\\/www.cmc-group.info\\\/?s={search_term_string}\"},\"query-input\":{\"@type\":\"PropertyValueSpecification\",\"valueRequired\":true,\"valueName\":\"search_term_string\"}}],\"inLanguage\":\"es\"}]}<\/script>\n<!-- \/ Yoast SEO plugin. -->","yoast_head_json":{"title":"Conformidad - CMC Consumer Medical Care","robots":{"index":"index","follow":"follow","max-snippet":"max-snippet:-1","max-image-preview":"max-image-preview:large","max-video-preview":"max-video-preview:-1"},"canonical":"https:\/\/www.cmc-group.info\/es\/conformidad\/","og_locale":"es_ES","og_type":"article","og_title":"Conformidad - CMC Consumer Medical Care","og_url":"https:\/\/www.cmc-group.info\/es\/conformidad\/","og_site_name":"CMC Consumer Medical Care","article_modified_time":"2026-03-17T11:13:44+00:00","og_image":[{"url":"https:\/\/www.cmc-group.info\/wp-content\/uploads\/cmc_kontakt_qrcode.png","type":"","width":"","height":""}],"twitter_card":"summary_large_image","twitter_misc":{"Tiempo de lectura":"2 minutos"},"schema":{"@context":"https:\/\/schema.org","@graph":[{"@type":"WebPage","@id":"https:\/\/www.cmc-group.info\/es\/conformidad\/","url":"https:\/\/www.cmc-group.info\/es\/conformidad\/","name":"Conformidad - CMC Consumer Medical Care","isPartOf":{"@id":"https:\/\/www.cmc-group.info\/#website"},"primaryImageOfPage":{"@id":"https:\/\/www.cmc-group.info\/es\/conformidad\/#primaryimage"},"image":{"@id":"https:\/\/www.cmc-group.info\/es\/conformidad\/#primaryimage"},"thumbnailUrl":"https:\/\/www.cmc-group.info\/wp-content\/uploads\/cmc_kontakt_qrcode.png","datePublished":"2025-04-23T07:38:49+00:00","dateModified":"2026-03-17T11:13:44+00:00","breadcrumb":{"@id":"https:\/\/www.cmc-group.info\/es\/conformidad\/#breadcrumb"},"inLanguage":"es","potentialAction":[{"@type":"ReadAction","target":["https:\/\/www.cmc-group.info\/es\/conformidad\/"]}]},{"@type":"ImageObject","inLanguage":"es","@id":"https:\/\/www.cmc-group.info\/es\/conformidad\/#primaryimage","url":"https:\/\/www.cmc-group.info\/wp-content\/uploads\/cmc_kontakt_qrcode.png","contentUrl":"https:\/\/www.cmc-group.info\/wp-content\/uploads\/cmc_kontakt_qrcode.png"},{"@type":"BreadcrumbList","@id":"https:\/\/www.cmc-group.info\/es\/conformidad\/#breadcrumb","itemListElement":[{"@type":"ListItem","position":1,"name":"Startseite","item":"https:\/\/www.cmc-group.info\/es\/inicio\/"},{"@type":"ListItem","position":2,"name":"Conformidad"}]},{"@type":"WebSite","@id":"https:\/\/www.cmc-group.info\/#website","url":"https:\/\/www.cmc-group.info\/","name":"CMC Consumer Medical Care","description":"","potentialAction":[{"@type":"SearchAction","target":{"@type":"EntryPoint","urlTemplate":"https:\/\/www.cmc-group.info\/?s={search_term_string}"},"query-input":{"@type":"PropertyValueSpecification","valueRequired":true,"valueName":"search_term_string"}}],"inLanguage":"es"}]}},"_links":{"self":[{"href":"https:\/\/www.cmc-group.info\/es\/wp-json\/wp\/v2\/pages\/6970","targetHints":{"allow":["GET"]}}],"collection":[{"href":"https:\/\/www.cmc-group.info\/es\/wp-json\/wp\/v2\/pages"}],"about":[{"href":"https:\/\/www.cmc-group.info\/es\/wp-json\/wp\/v2\/types\/page"}],"author":[{"embeddable":true,"href":"https:\/\/www.cmc-group.info\/es\/wp-json\/wp\/v2\/users\/1"}],"replies":[{"embeddable":true,"href":"https:\/\/www.cmc-group.info\/es\/wp-json\/wp\/v2\/comments?post=6970"}],"version-history":[{"count":11,"href":"https:\/\/www.cmc-group.info\/es\/wp-json\/wp\/v2\/pages\/6970\/revisions"}],"predecessor-version":[{"id":8746,"href":"https:\/\/www.cmc-group.info\/es\/wp-json\/wp\/v2\/pages\/6970\/revisions\/8746"}],"wp:attachment":[{"href":"https:\/\/www.cmc-group.info\/es\/wp-json\/wp\/v2\/media?parent=6970"}],"curies":[{"name":"wp","href":"https:\/\/api.w.org\/{rel}","templated":true}]}}