{"id":4684,"date":"2021-08-27T14:16:20","date_gmt":"2021-08-27T12:16:20","guid":{"rendered":"https:\/\/www.cmc-group.info\/pongase-en-contacto-con\/"},"modified":"2025-09-04T16:02:38","modified_gmt":"2025-09-04T14:02:38","slug":"pongase-en-contacto-con","status":"publish","type":"page","link":"https:\/\/www.cmc-group.info\/es\/pongase-en-contacto-con\/","title":{"rendered":"Contacta con nosotros"},"content":{"rendered":"<div class=\"pixelheader-section\">\n\t<div class=\"container\">\n\t\t<div class=\"content\">\n\t\t\t<div class=\"pixelheader layout-std slick\">\n\t\t\t\t\n\t\t\t\t\t\t\t\t\t\t\n\t\t\t\t\t<div class=\"headerslide \">\n\t\t\t\t\t\t<div class=\"headerslide-leftcol\">\n\t\t\t\t\t\t\t<div class=\"headerslide-leftcol-content\">\n\t\t\t\t\t\t\t\n\t\t\t\t\t\t\t\t\n\t\t\t\t\t\t\t\t\t\t\t\t\t\t\t\t\n\t\t\t\t\t\t\t\t<h1 class=\"headerslide-title\">Tu contacto con nosotros<\/h3>\n\t\t\t\t\t\t\t\t<h3 class=\"headerslide-subtitle\">\u00bfTienes alguna pregunta sobre nuestros productos o nuestra empresa? Estaremos encantados de ayudarte. <\/h3>\n\t\t\t\t\t\t\t\t\t\t\t\t\t\t\t<\/div>\n\t\t\t\t\t\t<\/div>\n\t\t\t\t\t\t<div class=\"headerslide-rightcol\">\n\t\t\t\t\t\t\t\t\t\t\t\t\t\t\t<div class=\"headerslide-header-img\">\n\t\t\t\t\t\t\t\t\t<img decoding=\"async\" src=\"https:\/\/www.cmc-group.info\/wp-content\/uploads\/cmc_kopfbild_kontakt-1.png\" alt=\"slide-header-img\" \/>\n\t\t\t\t\t\t\t\t<\/div>\n\t\t\t\t\t\t\t\t\t\t\t\t\t\t\t\t\t\t\t\t\t\t<div class=\"headerslide-form\">\n\t\t\t\t\t\t\t\t\t<h3 class=\"headerslide-form-title\"><\/h3>\n\t\t\t\t\t\t\t\t\t<p class=\"headerslide-form-text\"><p><span style=\"font-size: 32px; display: inline-block; margin-bottom: 20px;\">Localizaciones<\/span><br \/>\n<span style=\"font-size: 32px;\">Contacta con nosotros<\/span><\/p>\n<\/p>\n\t\t\t\t\t\t\t\t<\/div>\n\t\t\t\t\t\t\t\t\t\t\t\t\t\t\t\t\t\t\t\t\t\t\t\t\t\t\t<\/div>\n\t\t\t\t\t<\/div>\n\t\t\t\t\t\t\t<\/div>\n\t\t<\/div>\n\t<\/div>\n<\/div>\n\n<div id='standorte'  class='avia-section av-1jfy1-ca875df93309465bfde66911b88d06ed main_color avia-section-default avia-no-border-styling  avia-builder-el-1  el_after_pixelheader  el_before_av_section  av-desktop-hide av-medium-hide av-small-hide av-mini-hide avia-bg-style-scroll container_wrap fullsize'  ><div class='container av-section-cont-open' ><div class='template-page content  av-content-full alpha units'><div class='post-entry post-entry-type-page post-entry-4684'><div class='entry-content-wrapper clearfix'>\n<div class=\"pxl-headline pxl-hl hl-wrap | hl-sub--off hl--align-left   baloo\">\n    <div class=\"hl-inner\">\n            <h2 class=\"hl-main hl-line |  hl_main--default blue \">Localizaciones<\/h2>\n            \n    <\/div>\n<\/div>\n\n\n<style type=\"text\/css\" data-created_by=\"avia_inline_auto\" id=\"style-css-av-4k9x9-214ca16a3d343ca0e15b176bef3330c2\">\n#top .flex_column.av-4k9x9-214ca16a3d343ca0e15b176bef3330c2{\nmargin-top:0px;\nmargin-bottom:20px;\n}\n.flex_column.av-4k9x9-214ca16a3d343ca0e15b176bef3330c2{\nborder-radius:0px 0px 0px 0px;\npadding:0px 0px 0px 0px;\n}\n.responsive #top #wrap_all .flex_column.av-4k9x9-214ca16a3d343ca0e15b176bef3330c2{\nmargin-top:0px;\nmargin-bottom:20px;\n}\n<\/style>\n<div  class='flex_column av-4k9x9-214ca16a3d343ca0e15b176bef3330c2 av_one_full  avia-builder-el-3  el_after_pixel_sc_headline  avia-builder-el-last  first flex_column_div av-zero-column-padding  '     ><section  class='av_textblock_section av-kwdcwmrr-ae8be0966294074ca10366863840a37c '   itemscope=\"itemscope\" itemtype=\"https:\/\/schema.org\/CreativeWork\" ><div class='avia_textblock text-max-width-big'  itemprop=\"text\" ><p>Un total de m\u00e1s de 600 empleados trabajan en nuestra sede central de Sontheim\/Brenz (Alemania), en nuestras oficinas de ventas internacionales de S\u00e9lestat (Francia) y Barcelona (Espa\u00f1a) y en los centros de producci\u00f3n de Mersin (Turqu\u00eda) y D\u00fcren (Alemania).<\/p>\n<\/div><\/section><\/div>\n\n<\/div><\/div><\/div><!-- close content main div --><\/div><\/div><div id='kontakt'  class='avia-section av-3w63l-5e203a61b6b07b08ff4bb598d21ab16a alternate_color avia-section-default avia-no-border-styling  avia-builder-el-5  el_after_av_section  el_before_av_section  avia-bg-style-scroll container_wrap fullsize'  ><div class='container av-section-cont-open' ><div class='template-page content  av-content-full alpha units'><div class='post-entry post-entry-type-page post-entry-4684'><div class='entry-content-wrapper clearfix'>\n\n<style type=\"text\/css\" data-created_by=\"avia_inline_auto\" id=\"style-css-av-3fcxh-d2f4132077aa981e57f7ee3d56f76492\">\n.flex_column.av-3fcxh-d2f4132077aa981e57f7ee3d56f76492{\nborder-radius:0px 0px 0px 0px;\npadding:0px 0px 0px 0px;\n}\n<\/style>\n<div  class='flex_column av-3fcxh-d2f4132077aa981e57f7ee3d56f76492 av_one_full  avia-builder-el-6  el_before_av_one_full  avia-builder-el-first  first flex_column_div av-zero-column-padding  '     ><div class=\"pxl-headline pxl-hl hl-wrap | hl-sub--top hl--align-left hl--no-margin  \">\n    <div class=\"hl-inner\">\n            <h2 class=\"hl-main hl-line |  hl_main--default  \">Habla con nosotros. Estamos a tu disposici\u00f3n. <\/h2>\n            <h4 class=\"hl-sub hl-line |  hl_sub--default  \">\u00bfPreguntas, peticiones o sugerencias?<\/h4>\n    <\/div>\n<\/div><\/div>\n<style type=\"text\/css\" data-created_by=\"avia_inline_auto\" id=\"style-css-av-1my3p-43c379a5d3444314fd382aa8138ba3b8\">\n.flex_column.av-1my3p-43c379a5d3444314fd382aa8138ba3b8{\nborder-radius:0px 0px 0px 0px;\npadding:0px 0px 0px 0px;\n}\n<\/style>\n<div  class='flex_column av-1my3p-43c379a5d3444314fd382aa8138ba3b8 av_one_full  avia-builder-el-8  el_after_av_one_full  avia-builder-el-last  first flex_column_div av-zero-column-padding  column-top-margin'     ><\/div>\n\n<\/div><\/div><\/div><!-- close content main div --><\/div><\/div><div id='av_section_3'  class='avia-section av-l0s4omds-5c515931ff9ab4d6b21af06e6ee84245 main_color avia-section-default avia-no-border-styling  avia-builder-el-10  el_after_av_section  avia-builder-el-last  locations-5columns avia-bg-style-scroll container_wrap fullsize'  ><div class='container av-section-cont-open' ><div class='template-page content  av-content-full alpha units'><div class='post-entry post-entry-type-page post-entry-4684'><div class='entry-content-wrapper clearfix'>\n\n<style type=\"text\/css\" data-created_by=\"avia_inline_auto\" id=\"style-css-av-1o6xea-29a0601dea00ba0a25599bbb0e7726eb\">\n.flex_column.av-1o6xea-29a0601dea00ba0a25599bbb0e7726eb{\nborder-radius:0px 0px 0px 0px;\npadding:0px 0px 0px 0px;\n}\n<\/style>\n<div  class='flex_column av-1o6xea-29a0601dea00ba0a25599bbb0e7726eb av_one_fifth  avia-builder-el-11  el_before_av_one_fifth  avia-builder-el-first  first flex_column_div av-zero-column-padding  '     ><div class=\"contact-person-wrap  layout-top data_all bg-white \">\n  <div class=\"contact-person-img\"><img decoding=\"async\" src=\"https:\/\/www.cmc-group.info\/wp-content\/uploads\/cmc_content_standort.jpg\"><\/div>\n  <div class=\"contact-person-data\">\n    <h3>CMC Consumer Medical Care GmbH<\/h3>\n    <span class=\"contact-person-job\">Sede central<\/span>\n    \n    <span class=\"contact-person-address\"><p>Eichendorffstra\u00dfe 12\u201314<br \/>\n89567 Sontheim \/ Brenz<br \/>\nGermany<\/p>\n<\/span>\n                        <span class=\"contact-person-tel\"><span style=\"color: #009EE3; font-weight: 600; width: 15px; display: inline-block;\">T<\/span> <a href=\"tel:+49 (0) 7325 9244 0\">+49 (0) 7325 9244 0<\/a><\/span>\n                            <span class=\"contact-person-email\"><span style=\"color: #009EE3; font-weight: 600; width: 15px; display: inline-block;\">M<\/span> <a href=\"mailto:info@cmc-group.de\">info@cmc-group.de<\/a><\/span>\n              <\/div>\n<\/div><\/div>\n<style type=\"text\/css\" data-created_by=\"avia_inline_auto\" id=\"style-css-av-1d4v5e-18407ddb4af364fa5bd437d0134fa080\">\n.flex_column.av-1d4v5e-18407ddb4af364fa5bd437d0134fa080{\nborder-radius:0px 0px 0px 0px;\npadding:0px 0px 0px 0px;\n}\n<\/style>\n<div  class='flex_column av-1d4v5e-18407ddb4af364fa5bd437d0134fa080 av_one_fifth  avia-builder-el-13  el_after_av_one_fifth  el_before_av_one_fifth  flex_column_div av-zero-column-padding  '     ><div class=\"contact-person-wrap  layout-top data_all bg-white \">\n  <div class=\"contact-person-img\"><img decoding=\"async\" src=\"https:\/\/www.cmc-group.info\/wp-content\/uploads\/cmc_content_standort_celestat.jpg\"><\/div>\n  <div class=\"contact-person-data\">\n    <h3>CMC FRANCE SARL<\/h3>\n    <span class=\"contact-person-job\">Oficina de ventas<\/span>\n    \n    <span class=\"contact-person-address\"><p>14, rue de la Manufacture<br \/>\nB.P. 70252<br \/>\nF-67606 S\u00e9lestat Cedex<br \/>\nFrance<\/p>\n<\/span>\n                        <span class=\"contact-person-tel\"><span style=\"color: #009EE3; font-weight: 600; width: 15px; display: inline-block;\">T<\/span> <a href=\"tel:+33 (3 88) 82 4311\">+33 (3 88) 82 4311<\/a><\/span>\n                            <span class=\"contact-person-email\"><span style=\"color: #009EE3; font-weight: 600; width: 15px; display: inline-block;\">M<\/span> <a href=\"mailto:demandes@cmc-group.fr\">demandes@cmc-group.fr<\/a><\/span>\n              <\/div>\n<\/div><\/div>\n<style type=\"text\/css\" data-created_by=\"avia_inline_auto\" id=\"style-css-av-14274a-4d0b0a5942f0ae2e76f364500f349ff0\">\n.flex_column.av-14274a-4d0b0a5942f0ae2e76f364500f349ff0{\nborder-radius:0px 0px 0px 0px;\npadding:0px 0px 0px 0px;\n}\n<\/style>\n<div  class='flex_column av-14274a-4d0b0a5942f0ae2e76f364500f349ff0 av_one_fifth  avia-builder-el-15  el_after_av_one_fifth  el_before_av_one_fifth  flex_column_div av-zero-column-padding  '     ><div class=\"contact-person-wrap  layout-top data_all bg-white \">\n  <div class=\"contact-person-img\"><img decoding=\"async\" src=\"https:\/\/www.cmc-group.info\/wp-content\/uploads\/cmc_content_standort_dueren.jpg\"><\/div>\n  <div class=\"contact-person-data\">\n    <h3>CMC Technologies GmbH &amp; Co. KG<\/h3>\n    <span class=\"contact-person-job\">Lugar de producci\u00f3n<\/span>\n    \n    <span class=\"contact-person-address\"><p>Nordstra\u00dfe 125<br \/>\n52353 D\u00fcren<br \/>\nGermany<\/p>\n<\/span>\n                        <span class=\"contact-person-tel\"><span style=\"color: #009EE3; font-weight: 600; width: 15px; display: inline-block;\">T<\/span> <a href=\"tel:+49 (24 21) 80 03 0\">+49 (24 21) 80 03 0<\/a><\/span>\n                            <span class=\"contact-person-email\"><span style=\"color: #009EE3; font-weight: 600; width: 15px; display: inline-block;\">M<\/span> <a href=\"mailto:info@cmc-group.de\">info@cmc-group.de<\/a><\/span>\n              <\/div>\n<\/div><\/div>\n<style type=\"text\/css\" data-created_by=\"avia_inline_auto\" id=\"style-css-av-pmr9u-1228741ce13aa2351e820008bc7fd7ef\">\n.flex_column.av-pmr9u-1228741ce13aa2351e820008bc7fd7ef{\nborder-radius:0px 0px 0px 0px;\npadding:0px 0px 0px 0px;\n}\n<\/style>\n<div  class='flex_column av-pmr9u-1228741ce13aa2351e820008bc7fd7ef av_one_fifth  avia-builder-el-17  el_after_av_one_fifth  el_before_av_one_fifth  flex_column_div av-zero-column-padding  '     ><div class=\"contact-person-wrap  layout-top data_all bg-white \">\n  <div class=\"contact-person-img\"><img decoding=\"async\" src=\"https:\/\/www.cmc-group.info\/wp-content\/uploads\/cmc_content_standort_barcelona.jpg\"><\/div>\n  <div class=\"contact-person-data\">\n    <h3>Consumer Medical Care Iberia SL<\/h3>\n    <span class=\"contact-person-job\">Oficina de ventas<\/span>\n    \n    <span class=\"contact-person-address\"><p>C\/ Tuset 23-25 \u00e1tico 3<br \/>\n08006 Barcelona<br \/>\nSPAIN<\/p>\n<\/span>\n                        <span class=\"contact-person-tel\"><span style=\"color: #009EE3; font-weight: 600; width: 15px; display: inline-block;\">T<\/span> <a href=\"tel:+34 (933) 624 494\">+34 (933) 624 494<\/a><\/span>\n                            <span class=\"contact-person-email\"><span style=\"color: #009EE3; font-weight: 600; width: 15px; display: inline-block;\">M<\/span> <a href=\"mailto:pedidos@cmc-group.es\">pedidos@cmc-group.es<\/a><\/span>\n              <\/div>\n<\/div><\/div>\n<style type=\"text\/css\" data-created_by=\"avia_inline_auto\" id=\"style-css-av-g5au2-1a554546d2d8d57495e35f5734688352\">\n.flex_column.av-g5au2-1a554546d2d8d57495e35f5734688352{\nborder-radius:0px 0px 0px 0px;\npadding:0px 0px 0px 0px;\n}\n<\/style>\n<div  class='flex_column av-g5au2-1a554546d2d8d57495e35f5734688352 av_one_fifth  avia-builder-el-19  el_after_av_one_fifth  avia-builder-el-last  flex_column_div av-zero-column-padding  '     ><div class=\"contact-person-wrap  layout-top data_all bg-white \">\n  <div class=\"contact-person-img\"><img decoding=\"async\" src=\"https:\/\/www.cmc-group.info\/wp-content\/uploads\/cmc_content_standort_mersin.jpg\"><\/div>\n  <div class=\"contact-person-data\">\n    <h3>CMC Consumer Medical Care<\/h3>\n    <span class=\"contact-person-job\">Lugar de producci\u00f3n y oficina de ventas<\/span>\n    \n    <span class=\"contact-person-address\"><p>Pamuk Ambalaj Sanayi ve Ticaret Ldt. Sti.<br \/>\nKaraduvar SB. Mahallesi Serbest B\u00f6lge 1. Cadde D\u0131\u015f Kap\u0131 No:6 \u0130\u00e7 Kap\u0131 No:2<br \/>\n33020 Akdeniz, MERS\u0130N,<br \/>\nTURKEY <\/p>\n<\/span>\n                        <span class=\"contact-person-tel\"><span style=\"color: #009EE3; font-weight: 600; width: 15px; display: inline-block;\">T<\/span> <a href=\"tel:+90 (3 24) 239 38 70\">+90 (3 24) 239 38 70<\/a><\/span>\n                            <span class=\"contact-person-email\"><span style=\"color: #009EE3; font-weight: 600; width: 15px; display: inline-block;\">M<\/span> <a href=\"mailto:filiz.kalav@cmc-group.com.tr\">filiz.kalav@cmc-group.com.tr<\/a><\/span>\n              <\/div>\n<\/div><\/div>\n\n","protected":false},"excerpt":{"rendered":"","protected":false},"author":1,"featured_media":0,"parent":0,"menu_order":9,"comment_status":"closed","ping_status":"closed","template":"","meta":{"_acf_changed":false,"inline_featured_image":false,"footnotes":""},"class_list":["post-4684","page","type-page","status-publish","hentry"],"acf":[],"yoast_head":"<!-- This site is optimized with the Yoast SEO plugin v27.3 - https:\/\/yoast.com\/product\/yoast-seo-wordpress\/ -->\n<title>Contacta con nosotros - CMC Consumer Medical Care<\/title>\n<meta name=\"robots\" content=\"index, follow, max-snippet:-1, max-image-preview:large, max-video-preview:-1\" \/>\n<link rel=\"canonical\" href=\"https:\/\/www.cmc-group.info\/es\/pongase-en-contacto-con\/\" \/>\n<meta property=\"og:locale\" content=\"es_ES\" \/>\n<meta property=\"og:type\" content=\"article\" \/>\n<meta property=\"og:title\" content=\"Contacta con nosotros - CMC Consumer Medical Care\" \/>\n<meta property=\"og:url\" content=\"https:\/\/www.cmc-group.info\/es\/pongase-en-contacto-con\/\" \/>\n<meta property=\"og:site_name\" content=\"CMC Consumer Medical Care\" \/>\n<meta property=\"article:modified_time\" content=\"2025-09-04T14:02:38+00:00\" \/>\n<meta name=\"twitter:card\" content=\"summary_large_image\" \/>\n<meta name=\"twitter:label1\" content=\"Tiempo de lectura\" \/>\n\t<meta name=\"twitter:data1\" content=\"6 minutos\" \/>\n<script type=\"application\/ld+json\" class=\"yoast-schema-graph\">{\"@context\":\"https:\\\/\\\/schema.org\",\"@graph\":[{\"@type\":\"WebPage\",\"@id\":\"https:\\\/\\\/www.cmc-group.info\\\/es\\\/pongase-en-contacto-con\\\/\",\"url\":\"https:\\\/\\\/www.cmc-group.info\\\/es\\\/pongase-en-contacto-con\\\/\",\"name\":\"Contacta con nosotros - CMC Consumer Medical Care\",\"isPartOf\":{\"@id\":\"https:\\\/\\\/www.cmc-group.info\\\/#website\"},\"datePublished\":\"2021-08-27T12:16:20+00:00\",\"dateModified\":\"2025-09-04T14:02:38+00:00\",\"breadcrumb\":{\"@id\":\"https:\\\/\\\/www.cmc-group.info\\\/es\\\/pongase-en-contacto-con\\\/#breadcrumb\"},\"inLanguage\":\"es\",\"potentialAction\":[{\"@type\":\"ReadAction\",\"target\":[\"https:\\\/\\\/www.cmc-group.info\\\/es\\\/pongase-en-contacto-con\\\/\"]}]},{\"@type\":\"BreadcrumbList\",\"@id\":\"https:\\\/\\\/www.cmc-group.info\\\/es\\\/pongase-en-contacto-con\\\/#breadcrumb\",\"itemListElement\":[{\"@type\":\"ListItem\",\"position\":1,\"name\":\"Startseite\",\"item\":\"https:\\\/\\\/www.cmc-group.info\\\/es\\\/inicio\\\/\"},{\"@type\":\"ListItem\",\"position\":2,\"name\":\"Contacta con nosotros\"}]},{\"@type\":\"WebSite\",\"@id\":\"https:\\\/\\\/www.cmc-group.info\\\/#website\",\"url\":\"https:\\\/\\\/www.cmc-group.info\\\/\",\"name\":\"CMC Consumer Medical Care\",\"description\":\"\",\"potentialAction\":[{\"@type\":\"SearchAction\",\"target\":{\"@type\":\"EntryPoint\",\"urlTemplate\":\"https:\\\/\\\/www.cmc-group.info\\\/?s={search_term_string}\"},\"query-input\":{\"@type\":\"PropertyValueSpecification\",\"valueRequired\":true,\"valueName\":\"search_term_string\"}}],\"inLanguage\":\"es\"}]}<\/script>\n<!-- \/ Yoast SEO plugin. -->","yoast_head_json":{"title":"Contacta con nosotros - CMC Consumer Medical Care","robots":{"index":"index","follow":"follow","max-snippet":"max-snippet:-1","max-image-preview":"max-image-preview:large","max-video-preview":"max-video-preview:-1"},"canonical":"https:\/\/www.cmc-group.info\/es\/pongase-en-contacto-con\/","og_locale":"es_ES","og_type":"article","og_title":"Contacta con nosotros - CMC Consumer Medical Care","og_url":"https:\/\/www.cmc-group.info\/es\/pongase-en-contacto-con\/","og_site_name":"CMC Consumer Medical Care","article_modified_time":"2025-09-04T14:02:38+00:00","twitter_card":"summary_large_image","twitter_misc":{"Tiempo de lectura":"6 minutos"},"schema":{"@context":"https:\/\/schema.org","@graph":[{"@type":"WebPage","@id":"https:\/\/www.cmc-group.info\/es\/pongase-en-contacto-con\/","url":"https:\/\/www.cmc-group.info\/es\/pongase-en-contacto-con\/","name":"Contacta con nosotros - CMC Consumer Medical Care","isPartOf":{"@id":"https:\/\/www.cmc-group.info\/#website"},"datePublished":"2021-08-27T12:16:20+00:00","dateModified":"2025-09-04T14:02:38+00:00","breadcrumb":{"@id":"https:\/\/www.cmc-group.info\/es\/pongase-en-contacto-con\/#breadcrumb"},"inLanguage":"es","potentialAction":[{"@type":"ReadAction","target":["https:\/\/www.cmc-group.info\/es\/pongase-en-contacto-con\/"]}]},{"@type":"BreadcrumbList","@id":"https:\/\/www.cmc-group.info\/es\/pongase-en-contacto-con\/#breadcrumb","itemListElement":[{"@type":"ListItem","position":1,"name":"Startseite","item":"https:\/\/www.cmc-group.info\/es\/inicio\/"},{"@type":"ListItem","position":2,"name":"Contacta con nosotros"}]},{"@type":"WebSite","@id":"https:\/\/www.cmc-group.info\/#website","url":"https:\/\/www.cmc-group.info\/","name":"CMC Consumer Medical Care","description":"","potentialAction":[{"@type":"SearchAction","target":{"@type":"EntryPoint","urlTemplate":"https:\/\/www.cmc-group.info\/?s={search_term_string}"},"query-input":{"@type":"PropertyValueSpecification","valueRequired":true,"valueName":"search_term_string"}}],"inLanguage":"es"}]}},"_links":{"self":[{"href":"https:\/\/www.cmc-group.info\/es\/wp-json\/wp\/v2\/pages\/4684","targetHints":{"allow":["GET"]}}],"collection":[{"href":"https:\/\/www.cmc-group.info\/es\/wp-json\/wp\/v2\/pages"}],"about":[{"href":"https:\/\/www.cmc-group.info\/es\/wp-json\/wp\/v2\/types\/page"}],"author":[{"embeddable":true,"href":"https:\/\/www.cmc-group.info\/es\/wp-json\/wp\/v2\/users\/1"}],"replies":[{"embeddable":true,"href":"https:\/\/www.cmc-group.info\/es\/wp-json\/wp\/v2\/comments?post=4684"}],"version-history":[{"count":22,"href":"https:\/\/www.cmc-group.info\/es\/wp-json\/wp\/v2\/pages\/4684\/revisions"}],"predecessor-version":[{"id":7438,"href":"https:\/\/www.cmc-group.info\/es\/wp-json\/wp\/v2\/pages\/4684\/revisions\/7438"}],"wp:attachment":[{"href":"https:\/\/www.cmc-group.info\/es\/wp-json\/wp\/v2\/media?parent=4684"}],"curies":[{"name":"wp","href":"https:\/\/api.w.org\/{rel}","templated":true}]}}