{"id":4677,"date":"2023-06-20T10:33:33","date_gmt":"2023-06-20T08:33:33","guid":{"rendered":"https:\/\/www.cmc-group.info\/cookies\/"},"modified":"2025-07-24T16:36:01","modified_gmt":"2025-07-24T14:36:01","slug":"cookies","status":"publish","type":"page","link":"https:\/\/www.cmc-group.info\/es\/cookies\/","title":{"rendered":"Cookies"},"content":{"rendered":"<div id='av_section_1'  class='avia-section av-scan7-afb31081b14f08c5449304d75298fa7b main_color avia-section-default avia-no-border-styling  avia-builder-el-0  avia-builder-el-no-sibling  section-padding-top-big link-highlight page-text avia-bg-style-scroll container_wrap fullsize'  ><div class='container av-section-cont-open' ><main  role=\"main\" itemprop=\"mainContentOfPage\"  class='template-page content  av-content-full alpha units'><div class='post-entry post-entry-type-page post-entry-4677'><div class='entry-content-wrapper clearfix'>\n\n<style type=\"text\/css\" data-created_by=\"avia_inline_auto\" id=\"style-css-av-5a34k3-4b42d13984b338d29c2e9e44815559e1\">\n.flex_column.av-5a34k3-4b42d13984b338d29c2e9e44815559e1{\nborder-radius:0px 0px 0px 0px;\npadding:0px 0px 0px 0px;\n}\n<\/style>\n<div  class='flex_column av-5a34k3-4b42d13984b338d29c2e9e44815559e1 av_one_full  avia-builder-el-1  el_before_av_one_half  avia-builder-el-first  first flex_column_div av-zero-column-padding  '     ><div class=\"pxl-headline pxl-hl hl-wrap | hl-sub--off hl--align-left   baloo\">\n    <div class=\"hl-inner\">\n            <h1 class=\"hl-main hl-line |  hl_main--default blue \">Pol\u00edtica de cookies<\/h1>\n            \n    <\/div>\n<\/div><\/div>\n<style type=\"text\/css\" data-created_by=\"avia_inline_auto\" id=\"style-css-av-4xyiyr-20d7eb5e896ed277f1b791712ba48b48\">\n.flex_column.av-4xyiyr-20d7eb5e896ed277f1b791712ba48b48{\nborder-radius:0px 0px 0px 0px;\npadding:0px 0px 0px 0px;\n}\n<\/style>\n<div  class='flex_column av-4xyiyr-20d7eb5e896ed277f1b791712ba48b48 av_one_half  avia-builder-el-3  el_after_av_one_full  el_before_av_one_half  first flex_column_div av-zero-column-padding  column-top-margin'     ><p><section  class='av_textblock_section av-lkmbi60m-277bcc0941e0ba45bcfb3b72a6b2d901 '   itemscope=\"itemscope\" itemtype=\"https:\/\/schema.org\/CreativeWork\" ><div class='avia_textblock'  itemprop=\"text\" ><p><strong>Estado:<\/strong> 24.06.2024<\/p>\n<p>Nosotros, CONSUMER MEDICAL CARE GmbH y nuestras filiales, en lo sucesivo denominadas colectivamente \u00abCMC\u00bb, utilizamos cookies y otras tecnolog&iacute;as en el &aacute;mbito del servicio de nuestro sitio web (por ejemplo, en p&aacute;ginas web y en aplicaciones o aplicaciones basadas en el navegador) que pueden utilizarse para recopilar informaci&oacute;n que necesitamos para proporcionar funciones dentro del alcance del servicio de nuestro sitio web y para mejorar nuestro servicio web. Algunas de las cookies utilizadas u otras tecnolog&iacute;as requieren su consentimiento expreso. Le pedimos que acepte su uso para que pueda utilizar plenamente todas las funciones proporcionadas por el servicio de nuestro sitio web. Llamamos su atenci&oacute;n sobre este Aviso de Pol&iacute;tica de Cookies para cumplir con nuestra obligaci&oacute;n legal e informarle qu&eacute; cookies se utilizar&aacute;n cuando visite nuestros sitios web y c&oacute;mo protegemos su privacidad.<\/p>\n<p>En esta Pol&iacute;tica de cookies, nos referimos a todas las tecnolog&iacute;as, incluidas las cookies, las balizas web, los p&iacute;xeles, los rastreadores de scripts y otras tecnolog&iacute;as de programaci&oacute;n del lado del cliente, que se pueden utilizar para recopilar informaci&oacute;n del usuario, explicar su prop&oacute;sito, el alcance de su uso e informarle sobre las opciones que puede utilizar para administrar y controlar el comportamiento de estas tecnolog&iacute;as. Las cookies, en el sentido m&aacute;s amplio del t&eacute;rmino, tambi&eacute;n incluyen contenidos y servicios web de terceros, por ejemplo, para la incorporaci&oacute;n de v&iacute;deos, mapas, el uso de determinadas fuentes o la prestaci&oacute;n de funciones administrativas u otras funciones que se integran en el servicio de nuestro sitio web. Estos proveedores de servicios externos siempre pueden identificar al usuario respectivo porque necesitan su direcci&oacute;n IP para prestar sus servicios. Por razones de coherencia, todos estos m&eacute;todos se denominar&aacute;n en lo sucesivo colectivamente cookies, a menos que se haga una diferenciaci&oacute;n expl&iacute;cita entre los m&eacute;todos espec&iacute;ficos.<\/p>\n<p>Esta pol&iacute;tica de cookies se refiere al servicio de nuestro sitio web bajo el nombre de dominio \u00abcmc-group.info\u00bb y los subdominios asociados y otros sitios web de CMC que enlazan o hacen referencia a esta pol&iacute;tica de cookies. Esta Pol&iacute;tica de cookies se puede ver, guardar o imprimir desde nuestro sitio web. Al utilizar el servicio de nuestro sitio web, usted acepta nuestro uso de cookies de acuerdo con esta Pol&iacute;tica de cookies.<\/p>\n<span class=\"borlabs-cookie-open-dialog-preferences \" data-borlabs-cookie-title=\"Cambiar la configuraci&oacute;n de las cookies\" data-borlabs-cookie-type=\"link\" ><\/span>\n<h2>&nbsp;<\/h2>\n<h2>1. &iquest;Qu&eacute; cookies utilizamos?<\/h2>\n<h3>1.1 Categor&iacute;as de cookies<\/h3>\n<p>Las cookies suelen clasificarse en cinco categor&iacute;as en funci&oacute;n de su funci&oacute;n, la tecnolog&iacute;a utilizada y su finalidad: cookies estrictamente necesarias, cookies anal&iacute;ticas o de rendimiento, cookies funcionales y cookies de orientaci&oacute;n y publicidad. A continuaci&oacute;n definimos las categor&iacute;as de cookies.<\/p>\n<h3>1.2 Cookies necesarias<\/h3>\n<p>Las cookies estrictamente necesarias permiten la navegaci&oacute;n en nuestros sitios web y la prestaci&oacute;n de funciones esenciales, que no funcionar&iacute;an sin el uso de cookies o que no podr&iacute;amos ofrecer en la forma actual sin restricciones de uso. Eso tambi&eacute;n incluye la provisi&oacute;n de &aacute;reas muy seguras que pueden contener informaci&oacute;n personal del usuario o permitir actividades de pago. Estas &aacute;reas se proporcionan para proteger los datos personales de nuestros usuarios y, por lo tanto, solo se puede acceder a ellas despu&eacute;s de una autenticaci&oacute;n exitosa del usuario. Las cookies estrictamente necesarias tambi&eacute;n ayudan a garantizar, como uno de los varios m&eacute;todos utilizados simult&aacute;neamente, que un usuario que solicita informaci&oacute;n confidencial primero tenga que completar una autenticaci&oacute;n exitosa para evitar el uso indebido de la informaci&oacute;n que hemos almacenado en otro lugar. Se pueden guardar ajustes como el idioma, la ubicaci&oacute;n geogr&aacute;fica y la informaci&oacute;n de optimizaci&oacute;n de la pantalla, como la resoluci&oacute;n de la pantalla y el tama&ntilde;o del b&uacute;fer. Las cookies estrictamente necesarias no se utilizan con fines publicitarios y tampoco se utilizan para recopilar informaci&oacute;n basada en el comportamiento de los usuarios de nuestro sitio web. Sin embargo, es necesario utilizar cookies estrictamente necesarias para poder prestarle los servicios de nuestro sitio web. No requerimos su consentimiento para el uso de estas cookies necesarias.<\/p>\n<h3>1.3 Cookies funcionales (preferencias)<\/h3>\n<p>Utilizamos cookies funcionales para almacenar las decisiones de los usuarios que influyen en el comportamiento de nuestro sitio web. Con la ayuda de cookies funcionales, podemos ofrecer funciones personalizadas, como contenidos adaptados a las necesidades individuales del usuario. Por ejemplo, podemos reactivar el &uacute;ltimo filtro de b&uacute;squeda que utiliz&oacute; o comprobar si ya hemos llamado su atenci&oacute;n sobre ofertas especiales. Es posible que se guarde informaci&oacute;n adicional en nuestros sistemas y se vincule con cookies funcionales. Estas funciones nos permiten personalizar nuestro sitio web para adaptarlo a sus necesidades individuales y mejorar su experiencia en el sitio web. Por lo tanto, para un uso &oacute;ptimo de nuestro sitio web, es necesario que acepte este tipo de cookies. Si no acepta las cookies funcionales, no podemos garantizar que pueda utilizar plenamente el servicio de nuestro sitio web. Las cookies funcionales tambi&eacute;n pueden ser gestionadas por terceros. La informaci&oacute;n sobre la protecci&oacute;n de datos personales para dichas cookies se puede encontrar en los sitios web de terceros.<\/p>\n<h3>1.4 Cookies anal&iacute;ticas (estad&iacute;sticas)<\/h3>\n<p>Las cookies anal&iacute;ticas\/de rendimiento se utilizan para recopilar informaci&oacute;n sobre el uso de nuestros sitios web. Este tipo de cookies nos ayuda a mejorar continuamente nuestro sitio web, nos informa sobre el comportamiento de nuestros usuarios y nos ayuda a identificar y eliminar cualquier dificultad o error en el uso de nuestro sitio web. Tambi&eacute;n nos permite evaluar la eficiencia de nuestras medidas publicitarias y mejorar la calidad de los anuncios que nuestros usuarios pueden ver. Estas cookies no est&aacute;n vinculadas a informaci&oacute;n que permita la identificaci&oacute;n de los usuarios individuales. Las cookies anal&iacute;ticas tambi&eacute;n pueden ser gestionadas por terceros. La informaci&oacute;n sobre la protecci&oacute;n de datos personales para dichas cookies se puede encontrar en los sitios web de terceros.<\/p>\n<h3>1.5 Cookies de publicidad comportamental (marketing)<\/h3>\n<p>Nosotros, o los proveedores de servicios externos contratados por nosotros, podemos utilizar cookies de publicidad comportamental para mostrarle informaci&oacute;n m&aacute;s relevante sobre el producto en funci&oacute;n de sus intereses. Tambi&eacute;n nos ayudan a mejorar nuestras campa&ntilde;as publicitarias. Por ejemplo, podemos utilizar cookies de publicidad comportamental para limitar el n&uacute;mero de ventanas emergentes publicitarias que ve o para reconocer si ya ha respondido a nuestros anuncios. Estas cookies se pueden utilizar para reconocer a usuarios individuales y para registrar qu&eacute; informaci&oacute;n de nuestro sitio web es especialmente relevante para usted. Esta informaci&oacute;n puede ser divulgada por nosotros a cualquier anunciante que hayamos contratado y puede estar vinculada a informaci&oacute;n de otras fuentes de datos personales. Esto tambi&eacute;n incluye datos sobre usted recopilados durante su visita a otros sitios web. En estos sitios web de terceros, tambi&eacute;n puede controlar su configuraci&oacute;n y preferencias personales con respecto a la recopilaci&oacute;n de datos personales por parte de terceros. Eso significa que estas cookies se pueden utilizar para garantizar que ya no se le muestren anuncios que se hayan adaptado a sus necesidades en funci&oacute;n de la informaci&oacute;n recopilada sobre usted. Tenga en cuenta que debe ajustar su configuraci&oacute;n en cada equipo terminal y para cada navegador con el que utilice nuestro sitio web. Incluso si no se utilizan dichas cookies, es posible que le mostremos anuncios nuestros. Estos anuncios se muestran a los usuarios en determinados entornos espec&iacute;ficos de un grupo objetivo en Internet y pueden compararse con los anuncios de televisi&oacute;n: por ejemplo, si ves un documental de viajes, es probable que te muestren m&aacute;s anuncios relacionados con temas de viajes durante las pausas comerciales. Si las cookies de publicidad comportamental son gestionadas por terceros, encontrar&aacute; informaci&oacute;n sobre la protecci&oacute;n de datos personales para dichas cookies en los sitios web de terceros.<\/p>\n<\/div><\/section><br \/>\n<section  class='av_textblock_section av-1zxnk3-9e9fc794f59fb9eb0a69b71aabdf5c47 '   itemscope=\"itemscope\" itemtype=\"https:\/\/schema.org\/CreativeWork\" ><div class='av-desktop-hide av-medium-hide av-small-hide av-mini-hide avia_textblock'  itemprop=\"text\" ><p>Los clientes pueden encontrar la informaci\u00f3n aqu\u00ed &#8211; <a href=\"\/wp-content\/uploads\/2022_10_20_Information_Kunden_Datenschutz_CMC_DE.pdf\" target=\"_blank\" rel=\"noopener\">alem\u00e1n<\/a> | <a href=\"\/wp-content\/uploads\/2022_10_20_Information_Kunden_Datenschutz_CMC_EN.pdf\" target=\"_blank\" rel=\"noopener\">ingl\u00e9s<\/a><br \/>\nLos proveedores pueden encontrar la informaci\u00f3n aqu\u00ed &#8211; <a href=\"\/wp-content\/uploads\/2022_10_20_Information_Lieferanten_Datenschutz_CMC_DE.pdf\" target=\"_blank\" rel=\"noopener\">Alem\u00e1n<\/a> | <a href=\"\/wp-content\/uploads\/2022_10_20_Information_Lieferanten_Datenschutz_CMC_EN.pdf\" target=\"_blank\" rel=\"noopener\">Ingl\u00e9s<\/a><br \/>\nLos solicitantes pueden encontrar la informaci\u00f3n aqu\u00ed &#8211; <a href=\"\/wp-content\/uploads\/2022_10_20_Information_Bewerber_Datenschutz_CMC_DE.pdf\" target=\"_blank\" rel=\"noopener\">alem\u00e1n<\/a> | <a href=\"\/wp-content\/uploads\/2022_10_20_Information_Bewerber_Datenschutz_CMC_EN.pdf\" target=\"_blank\" rel=\"noopener\">ingl\u00e9s<\/a><\/p>\n<\/div><\/section><\/p><\/div>\n<style type=\"text\/css\" data-created_by=\"avia_inline_auto\" id=\"style-css-av-3vu53n-7d85d90145cdb01f01aa0eddcf2d3e42\">\n.flex_column.av-3vu53n-7d85d90145cdb01f01aa0eddcf2d3e42{\nborder-radius:0px 0px 0px 0px;\npadding:0px 0px 0px 0px;\n}\n<\/style>\n<div  class='flex_column av-3vu53n-7d85d90145cdb01f01aa0eddcf2d3e42 av_one_half  avia-builder-el-6  el_after_av_one_half  avia-builder-el-last  flex_column_div av-zero-column-padding  column-top-margin'     ><section  class='av_textblock_section av-lkmbityh-44d2c26e076112d6d68b90d2cb6f8df9 '   itemscope=\"itemscope\" itemtype=\"https:\/\/schema.org\/CreativeWork\" ><div class='avia_textblock'  itemprop=\"text\" ><h2>2. \u00bfC\u00f3mo gestiono las cookies?<\/h2>\n<p>2.1 Utilizamos cookies por varias razones, como se describe anteriormente. Lamentablemente, a menudo no existe un procedimiento est\u00e1ndar para deshabilitar las cookies sin perder por completo las funciones que utiliza el servicio de nuestro sitio web. Tenga en cuenta que es posible que no todas las funciones del servicio de nuestro sitio web est\u00e9n disponibles para usted si bloquea, elimina o deshabilita las cookies.<\/p>\n<p>2.2 Si es necesario un consentimiento (v\u00e9ase el art. 6 (1) a del RGPD y el art. 6 de la Ley Org\u00e1nica 3\/2018, de 5 de docimebre, de Protecci\u00f3n de Datos y garant\u00eda de los derechos digitales) para el uso de determinadas cookies, solo utilizaremos dichas cookies si usted nos ha dado su consentimiento previo. Cuando visite una de nuestras p\u00e1ginas web, a\u00f1adiremos un llamado banner de cookies que le permite confirmar su consentimiento para el uso de cookies dentro del \u00e1mbito del servicio del sitio web respectivo haciendo clic en un bot\u00f3n. Usted da su consentimiento para el uso de todas las cookies mencionadas en esta Pol\u00edtica de cookies haciendo clic en el bot\u00f3n \u201cPermitir todas las Cookies\u201c Alternativamente podr\u00e1 consentir \u00fanicamente las cookies que usted haya seleccionado en el configurador haciendo clic en el bot\u00f3n\u201cPermitir cookies seleccionadas\u201c. Asimiso, tambi\u00e9n podr\u00e1 optar por no consentir ninguna cookie excepto las esenciales haciendo clic en el boton\u201cRechazar cookies\u201c. Su consentimiento tambi\u00e9n se almacenar\u00e1 en forma de cookie (\u00bb Cookie de suscripci\u00f3n\u00bb) en su dispositivo para permitirnos verificar en su pr\u00f3xima visita al servicio de nuestro sitio web si ya ha dado su consentimiento. La cookie de suscripci\u00f3n tiene un per\u00edodo de validez limitado de 12 meses.<br \/>\nNo necesitamos su consentimiento para las cookies necesarias, ya que sin ellas no se podr\u00eda mostrar el sitio web. El tratamiento de datos se basa en nuestro inter\u00e9s leg\u00edtimo en la puesta a disposici\u00f3n del sitio web y sus funcionalidades (v\u00e9ase el art. 6, apartado 1, letra f del RGPD, , as\u00ed como de acuerdo a la legislaci\u00f3ne espa\u00f1ola, el art\u00edculo 22.2 de la Ley 34\/2002, de 11 de julio, de servicios de la sociedad de la informaci\u00f3n y de comercio electr\u00f3nico ,.<\/p>\n<p>2.3 Puede administrar, deshabilitar o eliminar las cookies en su navegador e impedir permanentemente la aceptaci\u00f3n de cookies. Para ello, es necesario activar la funci\u00f3n del navegador que desactiva el almacenamiento de cookies y\/o navegar en el modo de protecci\u00f3n de datos en funci\u00f3n del navegador que est\u00e9 utilizando. Para administrar las cookies, la mayor\u00eda de los navegadores le permiten aceptar o rechazar todas las cookies o solo aceptar ciertos tipos de cookies. Encontrar\u00e1 m\u00e1s informaci\u00f3n sobre la gesti\u00f3n, desactivaci\u00f3n y eliminaci\u00f3n de cookies en la funci\u00f3n de ayuda de su navegador.<\/p>\n<p>2.4 Puede encontrar m\u00e1s informaci\u00f3n sobre las cookies que se utilizan con fines publicitarios y sobre c\u00f3mo puede activarlas en la informaci\u00f3n sobre publicidad basada en el comportamiento y protecci\u00f3n de datos en l\u00ednea proporcionada por la industria de la publicidad en l\u00ednea en<br \/>\n<a href=\"https:\/\/allaboutcookies.org\/\"> All About Cookies | Online Privacy and Digital Security <\/a><br \/>\n<a href=\"https:\/\/www.youronlinechoices.com\/es\/\">https:\/\/www.youronlinechoices.com\/es\/<\/a><\/p>\n<h2>3. Cambios, actualizaciones, efectividad, preguntas, aviso de privacidad<\/h2>\n<p>Esta Pol\u00edtica de cookies puede cambiar de vez en cuando, por ejemplo, en el caso de nueva legislaci\u00f3n o cambios t\u00e9cnicos en el servicio de nuestro sitio web. Por lo tanto, nos reservamos el derecho de cambiar esta Pol\u00edtica de cookies en cualquier momento y sin previo aviso y de utilizar cookies adicionales o diferentes. La Pol\u00edtica de cookies modificada siempre entrar\u00e1 en vigor a partir de su publicaci\u00f3n y su \u00faltima versi\u00f3n siempre se puede ver en nuestro sitio web. Si no est\u00e1 de acuerdo con la edici\u00f3n revisada de nuestra Pol\u00edtica de cookies, debe dejar de utilizar el servicio de nuestro sitio web. Usted acepta autom\u00e1ticamente la Pol\u00edtica de cookies revisada al continuar utilizando el servicio de nuestro sitio web despu\u00e9s de que los cambios en la Pol\u00edtica de cookies hayan entrado en vigor. Si tiene m\u00e1s preguntas sobre el uso de cookies en el \u00e1mbito del servicio de nuestro sitio web, puede ponerse en contacto con nuestro responsable de protecci\u00f3n de datos en <a href=\"mailto:protecciondatos@hartmann.info\">protecciondatos@hartmann.info<\/a>.<\/p>\n<\/div><\/section><br \/>\n\n<style type=\"text\/css\" data-created_by=\"avia_inline_auto\" id=\"style-css-av-m3okonuo-08bbe94846a86d65f98acc5ac8f2dd73\">\n#top .hr.hr-invisible.av-m3okonuo-08bbe94846a86d65f98acc5ac8f2dd73{\nheight:40px;\n}\n<\/style>\n<div  class='hr av-m3okonuo-08bbe94846a86d65f98acc5ac8f2dd73 hr-invisible  avia-builder-el-8  el_after_av_textblock  el_before_av_textblock '><span class='hr-inner '><span class=\"hr-inner-style\"><\/span><\/span><\/div><br \/>\n<section  class='av_textblock_section av-m3okmrwm-84fa72fd2935514764411363631fc99b '   itemscope=\"itemscope\" itemtype=\"https:\/\/schema.org\/CreativeWork\" ><div class='avia_textblock'  itemprop=\"text\" ><p>Puede encontrar m\u00e1s informaci\u00f3n sobre el tratamiento de sus datos personales <a href=\"https:\/\/www.cmc-group.info\/es\/proteccion-de-datos\/\">aqu\u00ed<\/a>.<\/p>\n<\/div><\/section><br \/>\n<section  class='av_textblock_section av-30cqmr-2f4a6b6e3055a638049bd1a36fed0c92 '   itemscope=\"itemscope\" itemtype=\"https:\/\/schema.org\/CreativeWork\" ><div class='av-desktop-hide av-medium-hide av-small-hide av-mini-hide avia_textblock'  itemprop=\"text\" ><p>Los clientes pueden encontrar la informaci\u00f3n aqu\u00ed &#8211; <a href=\"\/wp-content\/uploads\/2022_10_20_Information_Kunden_Datenschutz_CMC_DE.pdf\" target=\"_blank\" rel=\"noopener\">alem\u00e1n<\/a> | <a href=\"\/wp-content\/uploads\/2022_10_20_Information_Kunden_Datenschutz_CMC_EN.pdf\" target=\"_blank\" rel=\"noopener\">ingl\u00e9s<\/a><br \/>\nLos proveedores pueden encontrar la informaci\u00f3n aqu\u00ed &#8211; <a href=\"\/wp-content\/uploads\/2022_10_20_Information_Lieferanten_Datenschutz_CMC_DE.pdf\" target=\"_blank\" rel=\"noopener\">Alem\u00e1n<\/a> | <a href=\"\/wp-content\/uploads\/2022_10_20_Information_Lieferanten_Datenschutz_CMC_EN.pdf\" target=\"_blank\" rel=\"noopener\">Ingl\u00e9s<\/a><br \/>\nLos solicitantes pueden encontrar la informaci\u00f3n aqu\u00ed &#8211; <a href=\"\/wp-content\/uploads\/2022_10_20_Information_Bewerber_Datenschutz_CMC_DE.pdf\" target=\"_blank\" rel=\"noopener\">alem\u00e1n<\/a> | <a href=\"\/wp-content\/uploads\/2022_10_20_Information_Bewerber_Datenschutz_CMC_EN.pdf\" target=\"_blank\" rel=\"noopener\">ingl\u00e9s<\/a><\/p>\n<\/div><\/section><\/p><\/div>\n","protected":false},"excerpt":{"rendered":"","protected":false},"author":1,"featured_media":0,"parent":0,"menu_order":13,"comment_status":"closed","ping_status":"closed","template":"","meta":{"_acf_changed":false,"inline_featured_image":false,"footnotes":""},"class_list":["post-4677","page","type-page","status-publish","hentry"],"acf":[],"yoast_head":"<!-- This site is optimized with the Yoast SEO plugin v27.3 - https:\/\/yoast.com\/product\/yoast-seo-wordpress\/ -->\n<title>Cookies utilizadas | Consumer Medical Care<\/title>\n<meta name=\"description\" content=\"Descubra aqu\u00ed qu\u00e9 cookies utilizamos y qu\u00e9 finalidad tienen.\" \/>\n<meta name=\"robots\" content=\"index, follow, max-snippet:-1, max-image-preview:large, max-video-preview:-1\" \/>\n<link rel=\"canonical\" href=\"https:\/\/www.cmc-group.info\/es\/cookies\/\" \/>\n<meta property=\"og:locale\" content=\"es_ES\" \/>\n<meta property=\"og:type\" content=\"article\" \/>\n<meta property=\"og:title\" content=\"Cookies utilizadas | Consumer Medical Care\" \/>\n<meta property=\"og:description\" content=\"Descubra aqu\u00ed qu\u00e9 cookies utilizamos y qu\u00e9 finalidad tienen.\" \/>\n<meta property=\"og:url\" content=\"https:\/\/www.cmc-group.info\/es\/cookies\/\" \/>\n<meta property=\"og:site_name\" content=\"CMC Consumer Medical Care\" \/>\n<meta property=\"article:modified_time\" content=\"2025-07-24T14:36:01+00:00\" \/>\n<meta name=\"twitter:card\" content=\"summary_large_image\" \/>\n<meta name=\"twitter:label1\" content=\"Tiempo de lectura\" \/>\n\t<meta name=\"twitter:data1\" content=\"13 minutos\" \/>\n<script type=\"application\/ld+json\" class=\"yoast-schema-graph\">{\"@context\":\"https:\\\/\\\/schema.org\",\"@graph\":[{\"@type\":\"WebPage\",\"@id\":\"https:\\\/\\\/www.cmc-group.info\\\/es\\\/cookies\\\/\",\"url\":\"https:\\\/\\\/www.cmc-group.info\\\/es\\\/cookies\\\/\",\"name\":\"Cookies utilizadas | Consumer Medical Care\",\"isPartOf\":{\"@id\":\"https:\\\/\\\/www.cmc-group.info\\\/#website\"},\"datePublished\":\"2023-06-20T08:33:33+00:00\",\"dateModified\":\"2025-07-24T14:36:01+00:00\",\"description\":\"Descubra aqu\u00ed qu\u00e9 cookies utilizamos y qu\u00e9 finalidad tienen.\",\"breadcrumb\":{\"@id\":\"https:\\\/\\\/www.cmc-group.info\\\/es\\\/cookies\\\/#breadcrumb\"},\"inLanguage\":\"es\",\"potentialAction\":[{\"@type\":\"ReadAction\",\"target\":[\"https:\\\/\\\/www.cmc-group.info\\\/es\\\/cookies\\\/\"]}]},{\"@type\":\"BreadcrumbList\",\"@id\":\"https:\\\/\\\/www.cmc-group.info\\\/es\\\/cookies\\\/#breadcrumb\",\"itemListElement\":[{\"@type\":\"ListItem\",\"position\":1,\"name\":\"Startseite\",\"item\":\"https:\\\/\\\/www.cmc-group.info\\\/es\\\/inicio\\\/\"},{\"@type\":\"ListItem\",\"position\":2,\"name\":\"Cookies\"}]},{\"@type\":\"WebSite\",\"@id\":\"https:\\\/\\\/www.cmc-group.info\\\/#website\",\"url\":\"https:\\\/\\\/www.cmc-group.info\\\/\",\"name\":\"CMC Consumer Medical Care\",\"description\":\"\",\"potentialAction\":[{\"@type\":\"SearchAction\",\"target\":{\"@type\":\"EntryPoint\",\"urlTemplate\":\"https:\\\/\\\/www.cmc-group.info\\\/?s={search_term_string}\"},\"query-input\":{\"@type\":\"PropertyValueSpecification\",\"valueRequired\":true,\"valueName\":\"search_term_string\"}}],\"inLanguage\":\"es\"}]}<\/script>\n<!-- \/ Yoast SEO plugin. -->","yoast_head_json":{"title":"Cookies utilizadas | Consumer Medical Care","description":"Descubra aqu\u00ed qu\u00e9 cookies utilizamos y qu\u00e9 finalidad tienen.","robots":{"index":"index","follow":"follow","max-snippet":"max-snippet:-1","max-image-preview":"max-image-preview:large","max-video-preview":"max-video-preview:-1"},"canonical":"https:\/\/www.cmc-group.info\/es\/cookies\/","og_locale":"es_ES","og_type":"article","og_title":"Cookies utilizadas | Consumer Medical Care","og_description":"Descubra aqu\u00ed qu\u00e9 cookies utilizamos y qu\u00e9 finalidad tienen.","og_url":"https:\/\/www.cmc-group.info\/es\/cookies\/","og_site_name":"CMC Consumer Medical Care","article_modified_time":"2025-07-24T14:36:01+00:00","twitter_card":"summary_large_image","twitter_misc":{"Tiempo de lectura":"13 minutos"},"schema":{"@context":"https:\/\/schema.org","@graph":[{"@type":"WebPage","@id":"https:\/\/www.cmc-group.info\/es\/cookies\/","url":"https:\/\/www.cmc-group.info\/es\/cookies\/","name":"Cookies utilizadas | Consumer Medical Care","isPartOf":{"@id":"https:\/\/www.cmc-group.info\/#website"},"datePublished":"2023-06-20T08:33:33+00:00","dateModified":"2025-07-24T14:36:01+00:00","description":"Descubra aqu\u00ed qu\u00e9 cookies utilizamos y qu\u00e9 finalidad tienen.","breadcrumb":{"@id":"https:\/\/www.cmc-group.info\/es\/cookies\/#breadcrumb"},"inLanguage":"es","potentialAction":[{"@type":"ReadAction","target":["https:\/\/www.cmc-group.info\/es\/cookies\/"]}]},{"@type":"BreadcrumbList","@id":"https:\/\/www.cmc-group.info\/es\/cookies\/#breadcrumb","itemListElement":[{"@type":"ListItem","position":1,"name":"Startseite","item":"https:\/\/www.cmc-group.info\/es\/inicio\/"},{"@type":"ListItem","position":2,"name":"Cookies"}]},{"@type":"WebSite","@id":"https:\/\/www.cmc-group.info\/#website","url":"https:\/\/www.cmc-group.info\/","name":"CMC Consumer Medical Care","description":"","potentialAction":[{"@type":"SearchAction","target":{"@type":"EntryPoint","urlTemplate":"https:\/\/www.cmc-group.info\/?s={search_term_string}"},"query-input":{"@type":"PropertyValueSpecification","valueRequired":true,"valueName":"search_term_string"}}],"inLanguage":"es"}]}},"_links":{"self":[{"href":"https:\/\/www.cmc-group.info\/es\/wp-json\/wp\/v2\/pages\/4677","targetHints":{"allow":["GET"]}}],"collection":[{"href":"https:\/\/www.cmc-group.info\/es\/wp-json\/wp\/v2\/pages"}],"about":[{"href":"https:\/\/www.cmc-group.info\/es\/wp-json\/wp\/v2\/types\/page"}],"author":[{"embeddable":true,"href":"https:\/\/www.cmc-group.info\/es\/wp-json\/wp\/v2\/users\/1"}],"replies":[{"embeddable":true,"href":"https:\/\/www.cmc-group.info\/es\/wp-json\/wp\/v2\/comments?post=4677"}],"version-history":[{"count":26,"href":"https:\/\/www.cmc-group.info\/es\/wp-json\/wp\/v2\/pages\/4677\/revisions"}],"predecessor-version":[{"id":7378,"href":"https:\/\/www.cmc-group.info\/es\/wp-json\/wp\/v2\/pages\/4677\/revisions\/7378"}],"wp:attachment":[{"href":"https:\/\/www.cmc-group.info\/es\/wp-json\/wp\/v2\/media?parent=4677"}],"curies":[{"name":"wp","href":"https:\/\/api.w.org\/{rel}","templated":true}]}}